{"id":907,"date":"2018-03-02T17:20:01","date_gmt":"2018-03-02T16:20:01","guid":{"rendered":"http:\/\/www.aersys.net\/AeroAcademy\/?post_type=product&#038;p=907"},"modified":"2018-03-25T13:15:03","modified_gmt":"2018-03-25T11:15:03","slug":"m-0-pack-preparation-des-operations","status":"publish","type":"product","link":"https:\/\/www.aersys.net\/AeroAcademy\/produit\/m-0-pack-preparation-des-operations\/","title":{"rendered":"M.0. &#8211; La Pr\u00e9paration des Op\u00e9rations (le Pack de 3 Modules)"},"content":{"rendered":"","protected":false},"excerpt":{"rendered":"<p>Regroupe de mani\u00e8re \u00e9conomique les trois modules :<\/p>\n<ol>\n<li>M.0.0. &#8211; La R\u00e9glementation relative \u00e0 la Maintenance,<\/li>\n<li>M.0.1. &#8211; Les Facteurs Humains dans le domaine de la Mainteannce,<\/li>\n<li>M.0.2. &#8211; L\u2019\u00c9laboration du Plan d&rsquo;Entretien.<\/li>\n<\/ol>\n","protected":false},"featured_media":74,"template":"","meta":[],"yoast_head":"<!-- This site is optimized with the Yoast SEO plugin v15.3 - https:\/\/yoast.com\/wordpress\/plugins\/seo\/ -->\n<title>M.0. - La Pr\u00e9paration des Op\u00e9rations (le Pack de 3 Modules) - AeroAcademy<\/title>\n<meta name=\"robots\" content=\"index, follow, max-snippet:-1, max-image-preview:large, max-video-preview:-1\" \/>\n<link rel=\"canonical\" href=\"http:\/\/www.aersys.net\/AeroAcademy\/produit\/m-0-pack-preparation-des-operations\/\" \/>\n<meta property=\"og:locale\" content=\"fr_FR\" \/>\n<meta property=\"og:type\" content=\"article\" \/>\n<meta property=\"og:title\" content=\"M.0. - La Pr\u00e9paration des Op\u00e9rations (le Pack de 3 Modules) - AeroAcademy\" \/>\n<meta property=\"og:description\" content=\"Regroupe de mani\u00e8re \u00e9conomique les trois modules :   M.0.0. - La R\u00e9glementation relative \u00e0 la Maintenance,  M.0.1. - Les Facteurs Humains dans le domaine de la Mainteannce,  M.0.2. - L\u2019\u00c9laboration du Plan d&#039;Entretien.\" \/>\n<meta property=\"og:url\" content=\"http:\/\/www.aersys.net\/AeroAcademy\/produit\/m-0-pack-preparation-des-operations\/\" \/>\n<meta property=\"og:site_name\" content=\"AeroAcademy\" \/>\n<meta property=\"article:publisher\" content=\"https:\/\/www.facebook.com\/AeroAcademy.fr\/\" \/>\n<meta property=\"article:modified_time\" content=\"2018-03-25T11:15:03+00:00\" \/>\n<meta property=\"og:image\" content=\"https:\/\/www.aersys.net\/AeroAcademy\/wp-content\/uploads\/2017\/10\/propeller.png\" \/>\n\t<meta property=\"og:image:width\" content=\"1920\" \/>\n\t<meta property=\"og:image:height\" content=\"1120\" \/>\n<meta name=\"twitter:card\" content=\"summary_large_image\" \/>\n<meta name=\"twitter:label1\" content=\"\u00c9crit par\">\n\t<meta name=\"twitter:data1\" content=\"AeroAcademy\">\n<script type=\"application\/ld+json\" class=\"yoast-schema-graph\">{\"@context\":\"https:\/\/schema.org\",\"@graph\":[{\"@type\":\"Organization\",\"@id\":\"http:\/\/www.aersys.net\/AeroAcademy\/#organization\",\"name\":\"AeroAcademy\",\"url\":\"http:\/\/www.aersys.net\/AeroAcademy\/\",\"sameAs\":[\"https:\/\/www.facebook.com\/AeroAcademy.fr\/\",\"https:\/\/www.youtube.com\/channel\/UC0guG48OClkRu5csDbEuEGQ\"],\"logo\":{\"@type\":\"ImageObject\",\"@id\":\"http:\/\/www.aersys.net\/AeroAcademy\/#logo\",\"inLanguage\":\"fr-FR\",\"url\":\"https:\/\/www.aersys.net\/AeroAcademy\/wp-content\/uploads\/2017\/10\/FOND-TRANSPARENT.png\",\"width\":2762,\"height\":1205,\"caption\":\"AeroAcademy\"},\"image\":{\"@id\":\"http:\/\/www.aersys.net\/AeroAcademy\/#logo\"}},{\"@type\":\"WebSite\",\"@id\":\"http:\/\/www.aersys.net\/AeroAcademy\/#website\",\"url\":\"http:\/\/www.aersys.net\/AeroAcademy\/\",\"name\":\"AeroAcademy\",\"description\":\"\",\"publisher\":{\"@id\":\"http:\/\/www.aersys.net\/AeroAcademy\/#organization\"},\"potentialAction\":[{\"@type\":\"SearchAction\",\"target\":\"http:\/\/www.aersys.net\/AeroAcademy\/?s={search_term_string}\",\"query-input\":\"required name=search_term_string\"}],\"inLanguage\":\"fr-FR\"},{\"@type\":\"ImageObject\",\"@id\":\"http:\/\/www.aersys.net\/AeroAcademy\/produit\/m-0-pack-preparation-des-operations\/#primaryimage\",\"inLanguage\":\"fr-FR\",\"url\":\"https:\/\/www.aersys.net\/AeroAcademy\/wp-content\/uploads\/2017\/10\/propeller.png\",\"width\":1920,\"height\":1120,\"caption\":\"avion aeroacademy\"},{\"@type\":\"WebPage\",\"@id\":\"http:\/\/www.aersys.net\/AeroAcademy\/produit\/m-0-pack-preparation-des-operations\/#webpage\",\"url\":\"http:\/\/www.aersys.net\/AeroAcademy\/produit\/m-0-pack-preparation-des-operations\/\",\"name\":\"M.0. - La Pr\\u00e9paration des Op\\u00e9rations (le Pack de 3 Modules) - AeroAcademy\",\"isPartOf\":{\"@id\":\"http:\/\/www.aersys.net\/AeroAcademy\/#website\"},\"primaryImageOfPage\":{\"@id\":\"http:\/\/www.aersys.net\/AeroAcademy\/produit\/m-0-pack-preparation-des-operations\/#primaryimage\"},\"datePublished\":\"2018-03-02T16:20:01+00:00\",\"dateModified\":\"2018-03-25T11:15:03+00:00\",\"inLanguage\":\"fr-FR\",\"potentialAction\":[{\"@type\":\"ReadAction\",\"target\":[\"http:\/\/www.aersys.net\/AeroAcademy\/produit\/m-0-pack-preparation-des-operations\/\"]}]}]}<\/script>\n<!-- \/ Yoast SEO plugin. -->","_links":{"self":[{"href":"https:\/\/www.aersys.net\/AeroAcademy\/wp-json\/wp\/v2\/product\/907"}],"collection":[{"href":"https:\/\/www.aersys.net\/AeroAcademy\/wp-json\/wp\/v2\/product"}],"about":[{"href":"https:\/\/www.aersys.net\/AeroAcademy\/wp-json\/wp\/v2\/types\/product"}],"wp:featuredmedia":[{"embeddable":true,"href":"https:\/\/www.aersys.net\/AeroAcademy\/wp-json\/wp\/v2\/media\/74"}],"wp:attachment":[{"href":"https:\/\/www.aersys.net\/AeroAcademy\/wp-json\/wp\/v2\/media?parent=907"}],"curies":[{"name":"wp","href":"https:\/\/api.w.org\/{rel}","templated":true}]}}