{"id":1243,"date":"2018-03-25T13:28:18","date_gmt":"2018-03-25T11:28:18","guid":{"rendered":"http:\/\/www.aersys.net\/AeroAcademy\/?post_type=product&#038;p=1243"},"modified":"2018-03-25T13:38:52","modified_gmt":"2018-03-25T11:38:52","slug":"cadeau-185","status":"publish","type":"product","link":"https:\/\/www.aersys.net\/AeroAcademy\/produit\/cadeau-185\/","title":{"rendered":"Bon Cadeau &#8211; 185 \u20ac"},"content":{"rendered":"","protected":false},"excerpt":{"rendered":"<p>Bon cadeau d&rsquo;une valeur de <strong>185 \u20ac<\/strong> donnant acc\u00e8s \u00e0 :<\/p>\n<ul>\n<li>L&rsquo;<strong>un des modules<\/strong> li\u00e9 aux Bases et Bonnes Pratiques :\n<ul>\n<li>M.1.0. &#8211; La M\u00e9canique,<\/li>\n<li>M.1.1. &#8211; L&rsquo;\u00c9lectricit\u00e9,<\/li>\n<li>M.1.2. &#8211; Les Circuits de Fluides,<\/li>\n<\/ul>\n<\/li>\n<li>ou l&rsquo;<strong>un des modules<\/strong> li\u00e9 \u00e0 la Maintenance des Moteurs :\n<ul>\n<li>M.2.0. &#8211; Les Syst\u00e8mes d&rsquo;Alimentation Carburant,<\/li>\n<li>M.2.1. &#8211; Les Op\u00e9rations de Maintenance et de Suivi du Moteur,<\/li>\n<li>M.2.2. &#8211; Les Op\u00e9rations de Maintenance des Accessoires Moteur,<\/li>\n<\/ul>\n<\/li>\n<li>ou une <strong>avance<\/strong> sur l&rsquo;un quelconque des autres modules ou packs de modules.<\/li>\n<\/ul>\n","protected":false},"featured_media":1178,"template":"","meta":[],"yoast_head":"<!-- This site is optimized with the Yoast SEO plugin v15.3 - https:\/\/yoast.com\/wordpress\/plugins\/seo\/ -->\n<title>Bon Cadeau - 185 \u20ac - AeroAcademy<\/title>\n<meta name=\"robots\" content=\"index, follow, max-snippet:-1, max-image-preview:large, max-video-preview:-1\" \/>\n<link rel=\"canonical\" href=\"http:\/\/www.aersys.net\/AeroAcademy\/produit\/cadeau-185\/\" \/>\n<meta property=\"og:locale\" content=\"fr_FR\" \/>\n<meta property=\"og:type\" content=\"article\" \/>\n<meta property=\"og:title\" content=\"Bon Cadeau - 185 \u20ac - AeroAcademy\" \/>\n<meta property=\"og:description\" content=\"Bon cadeau d&#039;une valeur de 185 \u20ac donnant acc\u00e8s \u00e0 :   L&#039;un des modules li\u00e9 aux Bases et Bonnes Pratiques :   M.1.0. - La M\u00e9canique,  M.1.1. - L&#039;\u00c9lectricit\u00e9,  M.1.2. - Les Circuits de Fluides,    ou l&#039;un des modules li\u00e9 \u00e0 la Maintenance des Moteurs :   M.2.0. - Les Syst\u00e8mes d&#039;Alimentation Carburant,  M.2.1. - Les Op\u00e9rations de Maintenance et de Suivi du Moteur,  M.2.2. - Les Op\u00e9rations de Maintenance des Accessoires Moteur,    ou une avance sur l&#039;un quelconque des autres modules ou packs de modules.\" \/>\n<meta property=\"og:url\" content=\"http:\/\/www.aersys.net\/AeroAcademy\/produit\/cadeau-185\/\" \/>\n<meta property=\"og:site_name\" content=\"AeroAcademy\" \/>\n<meta property=\"article:publisher\" content=\"https:\/\/www.facebook.com\/AeroAcademy.fr\/\" \/>\n<meta property=\"article:modified_time\" content=\"2018-03-25T11:38:52+00:00\" \/>\n<meta property=\"og:image\" content=\"https:\/\/www.aersys.net\/AeroAcademy\/wp-content\/uploads\/2018\/03\/Cadeau.jpg\" \/>\n\t<meta property=\"og:image:width\" content=\"683\" \/>\n\t<meta property=\"og:image:height\" content=\"512\" \/>\n<meta name=\"twitter:card\" content=\"summary_large_image\" \/>\n<meta name=\"twitter:label1\" content=\"\u00c9crit par\">\n\t<meta name=\"twitter:data1\" content=\"AeroAcademy\">\n<script type=\"application\/ld+json\" class=\"yoast-schema-graph\">{\"@context\":\"https:\/\/schema.org\",\"@graph\":[{\"@type\":\"Organization\",\"@id\":\"http:\/\/www.aersys.net\/AeroAcademy\/#organization\",\"name\":\"AeroAcademy\",\"url\":\"http:\/\/www.aersys.net\/AeroAcademy\/\",\"sameAs\":[\"https:\/\/www.facebook.com\/AeroAcademy.fr\/\",\"https:\/\/www.youtube.com\/channel\/UC0guG48OClkRu5csDbEuEGQ\"],\"logo\":{\"@type\":\"ImageObject\",\"@id\":\"http:\/\/www.aersys.net\/AeroAcademy\/#logo\",\"inLanguage\":\"fr-FR\",\"url\":\"https:\/\/www.aersys.net\/AeroAcademy\/wp-content\/uploads\/2017\/10\/FOND-TRANSPARENT.png\",\"width\":2762,\"height\":1205,\"caption\":\"AeroAcademy\"},\"image\":{\"@id\":\"http:\/\/www.aersys.net\/AeroAcademy\/#logo\"}},{\"@type\":\"WebSite\",\"@id\":\"http:\/\/www.aersys.net\/AeroAcademy\/#website\",\"url\":\"http:\/\/www.aersys.net\/AeroAcademy\/\",\"name\":\"AeroAcademy\",\"description\":\"\",\"publisher\":{\"@id\":\"http:\/\/www.aersys.net\/AeroAcademy\/#organization\"},\"potentialAction\":[{\"@type\":\"SearchAction\",\"target\":\"http:\/\/www.aersys.net\/AeroAcademy\/?s={search_term_string}\",\"query-input\":\"required name=search_term_string\"}],\"inLanguage\":\"fr-FR\"},{\"@type\":\"ImageObject\",\"@id\":\"http:\/\/www.aersys.net\/AeroAcademy\/produit\/cadeau-185\/#primaryimage\",\"inLanguage\":\"fr-FR\",\"url\":\"https:\/\/www.aersys.net\/AeroAcademy\/wp-content\/uploads\/2018\/03\/Cadeau.jpg\",\"width\":683,\"height\":512,\"caption\":\"Cadeau\"},{\"@type\":\"WebPage\",\"@id\":\"http:\/\/www.aersys.net\/AeroAcademy\/produit\/cadeau-185\/#webpage\",\"url\":\"http:\/\/www.aersys.net\/AeroAcademy\/produit\/cadeau-185\/\",\"name\":\"Bon Cadeau - 185 \\u20ac - AeroAcademy\",\"isPartOf\":{\"@id\":\"http:\/\/www.aersys.net\/AeroAcademy\/#website\"},\"primaryImageOfPage\":{\"@id\":\"http:\/\/www.aersys.net\/AeroAcademy\/produit\/cadeau-185\/#primaryimage\"},\"datePublished\":\"2018-03-25T11:28:18+00:00\",\"dateModified\":\"2018-03-25T11:38:52+00:00\",\"inLanguage\":\"fr-FR\",\"potentialAction\":[{\"@type\":\"ReadAction\",\"target\":[\"http:\/\/www.aersys.net\/AeroAcademy\/produit\/cadeau-185\/\"]}]}]}<\/script>\n<!-- \/ Yoast SEO plugin. -->","_links":{"self":[{"href":"https:\/\/www.aersys.net\/AeroAcademy\/wp-json\/wp\/v2\/product\/1243"}],"collection":[{"href":"https:\/\/www.aersys.net\/AeroAcademy\/wp-json\/wp\/v2\/product"}],"about":[{"href":"https:\/\/www.aersys.net\/AeroAcademy\/wp-json\/wp\/v2\/types\/product"}],"wp:featuredmedia":[{"embeddable":true,"href":"https:\/\/www.aersys.net\/AeroAcademy\/wp-json\/wp\/v2\/media\/1178"}],"wp:attachment":[{"href":"https:\/\/www.aersys.net\/AeroAcademy\/wp-json\/wp\/v2\/media?parent=1243"}],"curies":[{"name":"wp","href":"https:\/\/api.w.org\/{rel}","templated":true}]}}