{"id":1030,"date":"2018-03-07T10:52:14","date_gmt":"2018-03-07T09:52:14","guid":{"rendered":"http:\/\/www.aersys.net\/AeroAcademy\/?post_type=product&#038;p=1030"},"modified":"2018-03-25T13:08:58","modified_gmt":"2018-03-25T11:08:58","slug":"m-2-la-maintenance-des-moteurs","status":"publish","type":"product","link":"https:\/\/www.aersys.net\/AeroAcademy\/produit\/m-2-la-maintenance-des-moteurs\/","title":{"rendered":"M.2. &#8211; La Maintenance des Moteurs (le Pack de 3 Modules)"},"content":{"rendered":"","protected":false},"excerpt":{"rendered":"<p>Regroupe de mani\u00e8re \u00e9conomique les trois modules :<\/p>\n<ol>\n<li>M.2.0. &#8211; Les Syst\u00e8mes d&rsquo;Alimentation Carburant,<\/li>\n<li>M.2.1. &#8211; La Maintenance et le Suivi des Moteurs,<\/li>\n<li>M.2.2. &#8211; La Maintenance des Accessoires Moteur.<\/li>\n<\/ol>\n","protected":false},"featured_media":1019,"template":"","meta":[],"yoast_head":"<!-- This site is optimized with the Yoast SEO plugin v15.3 - https:\/\/yoast.com\/wordpress\/plugins\/seo\/ -->\n<title>M.2. - La Maintenance des Moteurs (le Pack de 3 Modules) - AeroAcademy<\/title>\n<meta name=\"robots\" content=\"index, follow, max-snippet:-1, max-image-preview:large, max-video-preview:-1\" \/>\n<link rel=\"canonical\" href=\"http:\/\/www.aersys.net\/AeroAcademy\/produit\/m-2-la-maintenance-des-moteurs\/\" \/>\n<meta property=\"og:locale\" content=\"fr_FR\" \/>\n<meta property=\"og:type\" content=\"article\" \/>\n<meta property=\"og:title\" content=\"M.2. - La Maintenance des Moteurs (le Pack de 3 Modules) - AeroAcademy\" \/>\n<meta property=\"og:description\" content=\"Regroupe de mani\u00e8re \u00e9conomique les trois modules :   M.2.0. - Les Syst\u00e8mes d&#039;Alimentation Carburant,  M.2.1. - La Maintenance et le Suivi des Moteurs,  M.2.2. - La Maintenance des Accessoires Moteur.\" \/>\n<meta property=\"og:url\" content=\"http:\/\/www.aersys.net\/AeroAcademy\/produit\/m-2-la-maintenance-des-moteurs\/\" \/>\n<meta property=\"og:site_name\" content=\"AeroAcademy\" \/>\n<meta property=\"article:publisher\" content=\"https:\/\/www.facebook.com\/AeroAcademy.fr\/\" \/>\n<meta property=\"article:modified_time\" content=\"2018-03-25T11:08:58+00:00\" \/>\n<meta property=\"og:image\" content=\"https:\/\/www.aersys.net\/AeroAcademy\/wp-content\/uploads\/2018\/03\/maintenance-moteur.jpg\" \/>\n\t<meta property=\"og:image:width\" content=\"724\" \/>\n\t<meta property=\"og:image:height\" content=\"483\" \/>\n<meta name=\"twitter:card\" content=\"summary_large_image\" \/>\n<meta name=\"twitter:label1\" content=\"\u00c9crit par\">\n\t<meta name=\"twitter:data1\" content=\"AeroAcademy\">\n<script type=\"application\/ld+json\" class=\"yoast-schema-graph\">{\"@context\":\"https:\/\/schema.org\",\"@graph\":[{\"@type\":\"Organization\",\"@id\":\"http:\/\/www.aersys.net\/AeroAcademy\/#organization\",\"name\":\"AeroAcademy\",\"url\":\"http:\/\/www.aersys.net\/AeroAcademy\/\",\"sameAs\":[\"https:\/\/www.facebook.com\/AeroAcademy.fr\/\",\"https:\/\/www.youtube.com\/channel\/UC0guG48OClkRu5csDbEuEGQ\"],\"logo\":{\"@type\":\"ImageObject\",\"@id\":\"http:\/\/www.aersys.net\/AeroAcademy\/#logo\",\"inLanguage\":\"fr-FR\",\"url\":\"https:\/\/www.aersys.net\/AeroAcademy\/wp-content\/uploads\/2017\/10\/FOND-TRANSPARENT.png\",\"width\":2762,\"height\":1205,\"caption\":\"AeroAcademy\"},\"image\":{\"@id\":\"http:\/\/www.aersys.net\/AeroAcademy\/#logo\"}},{\"@type\":\"WebSite\",\"@id\":\"http:\/\/www.aersys.net\/AeroAcademy\/#website\",\"url\":\"http:\/\/www.aersys.net\/AeroAcademy\/\",\"name\":\"AeroAcademy\",\"description\":\"\",\"publisher\":{\"@id\":\"http:\/\/www.aersys.net\/AeroAcademy\/#organization\"},\"potentialAction\":[{\"@type\":\"SearchAction\",\"target\":\"http:\/\/www.aersys.net\/AeroAcademy\/?s={search_term_string}\",\"query-input\":\"required name=search_term_string\"}],\"inLanguage\":\"fr-FR\"},{\"@type\":\"ImageObject\",\"@id\":\"http:\/\/www.aersys.net\/AeroAcademy\/produit\/m-2-la-maintenance-des-moteurs\/#primaryimage\",\"inLanguage\":\"fr-FR\",\"url\":\"https:\/\/www.aersys.net\/AeroAcademy\/wp-content\/uploads\/2018\/03\/maintenance-moteur.jpg\",\"width\":724,\"height\":483,\"caption\":\"maintenance moteur\"},{\"@type\":\"WebPage\",\"@id\":\"http:\/\/www.aersys.net\/AeroAcademy\/produit\/m-2-la-maintenance-des-moteurs\/#webpage\",\"url\":\"http:\/\/www.aersys.net\/AeroAcademy\/produit\/m-2-la-maintenance-des-moteurs\/\",\"name\":\"M.2. - La Maintenance des Moteurs (le Pack de 3 Modules) - AeroAcademy\",\"isPartOf\":{\"@id\":\"http:\/\/www.aersys.net\/AeroAcademy\/#website\"},\"primaryImageOfPage\":{\"@id\":\"http:\/\/www.aersys.net\/AeroAcademy\/produit\/m-2-la-maintenance-des-moteurs\/#primaryimage\"},\"datePublished\":\"2018-03-07T09:52:14+00:00\",\"dateModified\":\"2018-03-25T11:08:58+00:00\",\"inLanguage\":\"fr-FR\",\"potentialAction\":[{\"@type\":\"ReadAction\",\"target\":[\"http:\/\/www.aersys.net\/AeroAcademy\/produit\/m-2-la-maintenance-des-moteurs\/\"]}]}]}<\/script>\n<!-- \/ Yoast SEO plugin. -->","_links":{"self":[{"href":"https:\/\/www.aersys.net\/AeroAcademy\/wp-json\/wp\/v2\/product\/1030"}],"collection":[{"href":"https:\/\/www.aersys.net\/AeroAcademy\/wp-json\/wp\/v2\/product"}],"about":[{"href":"https:\/\/www.aersys.net\/AeroAcademy\/wp-json\/wp\/v2\/types\/product"}],"wp:featuredmedia":[{"embeddable":true,"href":"https:\/\/www.aersys.net\/AeroAcademy\/wp-json\/wp\/v2\/media\/1019"}],"wp:attachment":[{"href":"https:\/\/www.aersys.net\/AeroAcademy\/wp-json\/wp\/v2\/media?parent=1030"}],"curies":[{"name":"wp","href":"https:\/\/api.w.org\/{rel}","templated":true}]}}