{"id":1173,"date":"2018-03-25T12:34:59","date_gmt":"2018-03-25T10:34:59","guid":{"rendered":"http:\/\/www.aersys.net\/AeroAcademy\/?page_id=1173"},"modified":"2018-03-25T14:05:05","modified_gmt":"2018-03-25T12:05:05","slug":"cadeau","status":"publish","type":"page","link":"https:\/\/www.aersys.net\/AeroAcademy\/cadeau\/","title":{"rendered":"Bon Cadeau"},"content":{"rendered":"[vc_row type=\u00a0\u00bbfull_width_content\u00a0\u00bb full_screen_row_position=\u00a0\u00bbmiddle\u00a0\u00bb bg_image=\u00a0\u00bb1178&Prime; bg_position=\u00a0\u00bbcenter center\u00a0\u00bb bg_repeat=\u00a0\u00bbno-repeat\u00a0\u00bb parallax_bg=\u00a0\u00bbtrue\u00a0\u00bb parallax_bg_speed=\u00a0\u00bbfast\u00a0\u00bb bg_color=\u00a0\u00bb#454156&Prime; scene_position=\u00a0\u00bbcenter\u00a0\u00bb text_color=\u00a0\u00bblight\u00a0\u00bb text_align=\u00a0\u00bbleft\u00a0\u00bb top_padding=\u00a0\u00bb9%\u00a0\u00bb id=\u00a0\u00bbintro\u00a0\u00bb row_name=\u00a0\u00bbIntro\u00a0\u00bb color_overlay=\u00a0\u00bb#0a0a0a\u00a0\u00bb overlay_strength=\u00a0\u00bb0.3&Prime;][vc_column centered_text=\u00a0\u00bbtrue\u00a0\u00bb column_padding=\u00a0\u00bbpadding-10-percent\u00a0\u00bb column_padding_position=\u00a0\u00bbtop\u00a0\u00bb background_color_opacity=\u00a0\u00bb1&Prime; background_hover_color_opacity=\u00a0\u00bb1&Prime; bottom_margin=\u00a0\u00bb-20&Prime; column_shadow=\u00a0\u00bbnone\u00a0\u00bb width=\u00a0\u00bb1\/1&Prime; tablet_text_alignment=\u00a0\u00bbdefault\u00a0\u00bb phone_text_alignment=\u00a0\u00bbdefault\u00a0\u00bb column_border_width=\u00a0\u00bbnone\u00a0\u00bb column_border_style=\u00a0\u00bbsolid\u00a0\u00bb][vc_row_inner content_placement=\u00a0\u00bbmiddle\u00a0\u00bb column_margin=\u00a0\u00bbdefault\u00a0\u00bb text_align=\u00a0\u00bbleft\u00a0\u00bb][vc_column_inner enable_animation=\u00a0\u00bbtrue\u00a0\u00bb animation=\u00a0\u00bbfade-in-from-bottom\u00a0\u00bb column_padding=\u00a0\u00bbno-extra-padding\u00a0\u00bb column_padding_position=\u00a0\u00bbtop-bottom\u00a0\u00bb background_color_opacity=\u00a0\u00bb1&Prime; width=\u00a0\u00bb1\/1&Prime; column_border_width=\u00a0\u00bbnone\u00a0\u00bb column_border_style=\u00a0\u00bbsolid\u00a0\u00bb][vc_custom_heading text=\u00a0\u00bbBon Cadeau\u00a0\u00bb font_container=\u00a0\u00bbtag:h1|font_size:83|text_align:center|color:%23ffc107|line_height:96px\u00a0\u00bb use_theme_fonts=\u00a0\u00bbyes\u00a0\u00bb css_animation=\u00a0\u00bbfadeIn\u00a0\u00bb][vc_custom_heading text=\u00a0\u00bbUn anniversaire, un \u00e9v\u00e9nement particulier et pas d&rsquo;id\u00e9e de cadeau ?<\/p>\n<p>Offrez un Bon Cadeau !<br \/>\n\u00a0\u00bb font_container=\u00a0\u00bbtag:p|text_align:center\u00a0\u00bb use_theme_fonts=\u00a0\u00bbyes\u00a0\u00bb css_animation=\u00a0\u00bbfadeIn\u00a0\u00bb][nectar_btn size=\u00a0\u00bblarge\u00a0\u00bb button_style=\u00a0\u00bbregular\u00a0\u00bb button_color_2=\u00a0\u00bbExtra-Color-3&Prime; icon_family=\u00a0\u00bbnone\u00a0\u00bb url=\u00a0\u00bb#detail\u00a0\u00bb text=\u00a0\u00bbD\u00e9tail\u00a0\u00bb][\/vc_column_inner][\/vc_row_inner][vc_raw_html]JTNDJTIxLS0lMjBHZW5lcmF0b3IlM0ElMjBBZG9iZSUyMElsbHVzdHJhdG9yJTIwMTkuMS4xJTJDJTIwU1ZHJTIwRXhwb3J0JTIwUGx1Zy1JbiUyMCUyMC0tJTNFJTBBJTNDc3ZnJTIwdmVyc2lvbiUzRCUyMjEuMiUyMiUyMGJhc2VQcm9maWxlJTNEJTIydGlueSUyMiUyMGNsYXNzJTNEJTIyc2VwYXJ0b3JibGFuYyUyMiUwQSUwOSUyMHhtbG5zJTNEJTIyaHR0cCUzQSUyRiUyRnd3dy53My5vcmclMkYyMDAwJTJGc3ZnJTIyJTIweG1sbnMlM0F4bGluayUzRCUyMmh0dHAlM0ElMkYlMkZ3d3cudzMub3JnJTJGMTk5OSUyRnhsaW5rJTIyJTIweG1sbnMlM0FhJTNEJTIyaHR0cCUzQSUyRiUyRm5zLmFkb2JlLmNvbSUyRkFkb2JlU1ZHVmlld2VyRXh0ZW5zaW9ucyUyRjMuMCUyRiUyMiUwQSUwOSUyMHglM0QlMjIwcHglMjIlMjB5JTNEJTIyMHB4JTIyJTIwdmlld0JveCUzRCUyMjAlMjAwJTIwMTM2My44JTIwMzMxJTIyJTIwb3ZlcmZsb3clM0QlMjJzY3JvbGwlMjIlMjB4bWwlM0FzcGFjZSUzRCUyMnByZXNlcnZlJTIyJTNFJTBBJTNDZGVmcyUzRSUwQSUzQyUyRmRlZnMlM0UlMEElM0NwYXRoJTIwZmlsbCUzRCUyMiUyM0ZGRkZGRiUyMiUyMGQlM0QlMjJNMCUyQzIyMy40VjMzMWgxMzYzLjhWMEMxMzYzLjglMkMwJTJDMTMyNS44JTJDNDg4LjIlMkMwJTJDMjIzLjR6JTIyJTJGJTNFJTBBJTNDJTJGc3ZnJTNFJTBB[\/vc_raw_html][\/vc_column][\/vc_row][vc_row type=\u00a0\u00bbfull_width_content\u00a0\u00bb full_screen_row_position=\u00a0\u00bbmiddle\u00a0\u00bb scene_position=\u00a0\u00bbcenter\u00a0\u00bb text_color=\u00a0\u00bbdark\u00a0\u00bb text_align=\u00a0\u00bbcenter\u00a0\u00bb id=\u00a0\u00bbdetail\u00a0\u00bb overlay_strength=\u00a0\u00bb0.3&Prime;][vc_column centered_text=\u00a0\u00bbtrue\u00a0\u00bb column_padding=\u00a0\u00bbno-extra-padding\u00a0\u00bb column_padding_position=\u00a0\u00bball\u00a0\u00bb background_color_opacity=\u00a0\u00bb1&Prime; background_hover_color_opacity=\u00a0\u00bb1&Prime; bottom_margin=\u00a0\u00bb-20&Prime; column_shadow=\u00a0\u00bbnone\u00a0\u00bb el_class=\u00a0\u00bbaccompagnement\u00a0\u00bb width=\u00a0\u00bb1\/1&Prime; tablet_text_alignment=\u00a0\u00bbdefault\u00a0\u00bb phone_text_alignment=\u00a0\u00bbdefault\u00a0\u00bb column_border_width=\u00a0\u00bbnone\u00a0\u00bb column_border_style=\u00a0\u00bbsolid\u00a0\u00bb]<div class=\"divider-wrap\"><div style=\"height: 25px;\" class=\"divider\"><\/div><\/div>[vc_custom_heading text=\u00a0\u00bbVous pouvez choisir un module parmi les cours existants, ou encore un montant librement fix\u00e9 parmi les choix suivants.<br \/>\nVous h\u00e9sitez encore ?<br \/>\nConsultez-nous !\u00a0\u00bb font_container=\u00a0\u00bbtag:h3|text_align:center\u00a0\u00bb use_theme_fonts=\u00a0\u00bbyes\u00a0\u00bb css_animation=\u00a0\u00bbfadeInDown\u00a0\u00bb css=\u00a0\u00bb.vc_custom_1521972134684{padding-right: 10% !important;padding-left: 10% !important;}\u00a0\u00bb][vc_raw_html]JTNDJTIxLS0lMjBHZW5lcmF0b3IlM0ElMjBBZG9iZSUyMElsbHVzdHJhdG9yJTIwMTkuMS4xJTJDJTIwU1ZHJTIwRXhwb3J0JTIwUGx1Zy1JbiUyMCUyMC0tJTNFJTBBJTNDc3ZnJTIwdmVyc2lvbiUzRCUyMjEuMiUyMiUyMGJhc2VQcm9maWxlJTNEJTIydGlueSUyMiUyMGNsYXNzJTNEJTIyc2VwYXJ0b3JibGV1JTIyJTBBJTA5JTIweG1sbnMlM0QlMjJodHRwJTNBJTJGJTJGd3d3LnczLm9yZyUyRjIwMDAlMkZzdmclMjIlMjB4bWxucyUzQXhsaW5rJTNEJTIyaHR0cCUzQSUyRiUyRnd3dy53My5vcmclMkYxOTk5JTJGeGxpbmslMjIlMjB4bWxucyUzQWElM0QlMjJodHRwJTNBJTJGJTJGbnMuYWRvYmUuY29tJTJGQWRvYmVTVkdWaWV3ZXJFeHRlbnNpb25zJTJGMy4wJTJGJTIyJTBBJTA5JTIweCUzRCUyMjBweCUyMiUyMHklM0QlMjIwcHglMjIlMjAlMjB2aWV3Qm94JTNEJTIyMCUyMDAlMjAxMzYzLjglMjAzMzElMjIlMjBvdmVyZmxvdyUzRCUyMnNjcm9sbCUyMiUyMHhtbCUzQXNwYWNlJTNEJTIycHJlc2VydmUlMjIlM0UlMEElM0NkZWZzJTNFJTBBJTNDJTJGZGVmcyUzRSUwQSUzQ3BhdGglMjBmaWxsJTNEJTIyJTIzMDAyMzMyJTIyJTIwZCUzRCUyMk0xMzYzLjglMkMyMjMuNFYzMzFIMEwwJTJDMEMwJTJDMCUyQzM4JTJDNDg4LjIlMkMxMzYzLjglMkMyMjMuNHolMjIlMkYlM0UlMEElM0MlMkZzdmclM0UlMEE=[\/vc_raw_html][\/vc_column][\/vc_row][vc_row type=\u00a0\u00bbfull_width_background\u00a0\u00bb full_screen_row_position=\u00a0\u00bbmiddle\u00a0\u00bb bg_color=\u00a0\u00bb#002332&Prime; scene_position=\u00a0\u00bbcenter\u00a0\u00bb text_color=\u00a0\u00bblight\u00a0\u00bb text_align=\u00a0\u00bbleft\u00a0\u00bb top_padding=\u00a0\u00bb0&Prime; bottom_padding=\u00a0\u00bb5%\u00a0\u00bb id=\u00a0\u00bbaccompagnement\u00a0\u00bb overlay_strength=\u00a0\u00bb0.8&Prime;][vc_column column_padding=\u00a0\u00bbno-extra-padding\u00a0\u00bb column_padding_position=\u00a0\u00bball\u00a0\u00bb background_color_opacity=\u00a0\u00bb1&Prime; background_hover_color_opacity=\u00a0\u00bb1&Prime; column_shadow=\u00a0\u00bbnone\u00a0\u00bb width=\u00a0\u00bb1\/1&Prime; tablet_text_alignment=\u00a0\u00bbdefault\u00a0\u00bb phone_text_alignment=\u00a0\u00bbdefault\u00a0\u00bb column_border_width=\u00a0\u00bbnone\u00a0\u00bb column_border_style=\u00a0\u00bbsolid\u00a0\u00bb][vc_row_inner content_placement=\u00a0\u00bbmiddle\u00a0\u00bb column_margin=\u00a0\u00bbdefault\u00a0\u00bb text_align=\u00a0\u00bbcenter\u00a0\u00bb][\/vc_row_inner][vc_row_inner equal_height=\u00a0\u00bbyes\u00a0\u00bb content_placement=\u00a0\u00bbtop\u00a0\u00bb column_margin=\u00a0\u00bbdefault\u00a0\u00bb text_align=\u00a0\u00bbleft\u00a0\u00bb][vc_column_inner enable_animation=\u00a0\u00bbtrue\u00a0\u00bb animation=\u00a0\u00bbfade-in-from-left\u00a0\u00bb column_padding=\u00a0\u00bbpadding-3-percent\u00a0\u00bb column_padding_position=\u00a0\u00bball\u00a0\u00bb centered_text=\u00a0\u00bbtrue\u00a0\u00bb background_color=\u00a0\u00bb#417788&Prime; background_color_opacity=\u00a0\u00bb1&Prime; width=\u00a0\u00bb1\/3&Prime; column_border_width=\u00a0\u00bbnone\u00a0\u00bb column_border_style=\u00a0\u00bbsolid\u00a0\u00bb]<div class=\"img-with-aniamtion-wrap center\" data-max-width=\"100%\"><div class=\"inner\"><img data-shadow=\"none\" data-shadow-direction=\"middle\" class=\"img-with-animation \" data-delay=\"0\" height=\"483\" width=\"724\" data-animation=\"grow-in\" src=\"https:\/\/www.aersys.net\/AeroAcademy\/wp-content\/uploads\/2018\/02\/Fotosearch_k43015652.jpg\" srcset=\"https:\/\/www.aersys.net\/AeroAcademy\/wp-content\/uploads\/2018\/02\/Fotosearch_k43015652.jpg 724w, https:\/\/www.aersys.net\/AeroAcademy\/wp-content\/uploads\/2018\/02\/Fotosearch_k43015652-600x400.jpg 600w, https:\/\/www.aersys.net\/AeroAcademy\/wp-content\/uploads\/2018\/02\/Fotosearch_k43015652-300x200.jpg 300w\" sizes=\"100vw\" alt=\"Cours - Equipe\" \/><\/div><\/div><div class=\"divider-wrap\"><div style=\"height: 25px;\" class=\"divider\"><\/div><\/div>[vc_custom_heading text=\u00a0\u00bbOffrir un module\u00a0\u00bb font_container=\u00a0\u00bbtag:h3|text_align:center|color:%23ffc107&Prime; use_theme_fonts=\u00a0\u00bbyes\u00a0\u00bb][vc_column_text]Choisissez cette option si vous savez ce qui lui fera plaisir ou si vous souhaitez le ou la voir progresser dans un domaine particulier.<\/p>\n<p>Le bouton suivant vous renvoie vers la liste des modules disponibles.<\/p>\n<p>Proc\u00e9dez \u00e0 la commande en sp\u00e9cifiant qu&rsquo;il s&rsquo;agit d&rsquo;un cadeau.<\/p>\n<p>N&rsquo;oubliez pas de nous indiquer vos consignes particuli\u00e8res ![\/vc_column_text]<div class=\"divider-wrap\"><div style=\"height: 25px;\" class=\"divider\"><\/div><\/div>[nectar_btn size=\u00a0\u00bbsmall\u00a0\u00bb button_style=\u00a0\u00bbregular\u00a0\u00bb button_color_2=\u00a0\u00bbExtra-Color-3&Prime; icon_family=\u00a0\u00bbnone\u00a0\u00bb url=\u00a0\u00bbhttp:\/\/www.aersys.net\/AeroAcademy\/?p=693&Prime; text=\u00a0\u00bbVoir les cours\u00a0\u00bb css_animation=\u00a0\u00bbnone\u00a0\u00bb][\/vc_column_inner][vc_column_inner enable_animation=\u00a0\u00bbtrue\u00a0\u00bb animation=\u00a0\u00bbfade-in-from-bottom\u00a0\u00bb column_padding=\u00a0\u00bbpadding-3-percent\u00a0\u00bb column_padding_position=\u00a0\u00bball\u00a0\u00bb centered_text=\u00a0\u00bbtrue\u00a0\u00bb background_color=\u00a0\u00bb#0b4c5b\u00a0\u00bb background_color_opacity=\u00a0\u00bb1&Prime; width=\u00a0\u00bb1\/3&Prime; column_border_width=\u00a0\u00bbnone\u00a0\u00bb column_border_style=\u00a0\u00bbsolid\u00a0\u00bb delay=\u00a0\u00bb1000&Prime;]<div class=\"img-with-aniamtion-wrap center\" data-max-width=\"100%\"><div class=\"inner\"><img data-shadow=\"none\" data-shadow-direction=\"middle\" class=\"img-with-animation \" data-delay=\"0\" height=\"482\" width=\"724\" data-animation=\"grow-in\" src=\"https:\/\/www.aersys.net\/AeroAcademy\/wp-content\/uploads\/2018\/03\/AdobeStock_148735778-light.jpg\" srcset=\"https:\/\/www.aersys.net\/AeroAcademy\/wp-content\/uploads\/2018\/03\/AdobeStock_148735778-light.jpg 724w, https:\/\/www.aersys.net\/AeroAcademy\/wp-content\/uploads\/2018\/03\/AdobeStock_148735778-light-600x399.jpg 600w, https:\/\/www.aersys.net\/AeroAcademy\/wp-content\/uploads\/2018\/03\/AdobeStock_148735778-light-300x200.jpg 300w\" sizes=\"100vw\" alt=\"\" \/><\/div><\/div><div class=\"divider-wrap\"><div style=\"height: 25px;\" class=\"divider\"><\/div><\/div>[vc_custom_heading text=\u00a0\u00bbOffrir une avance sur un module\u00a0\u00bb font_container=\u00a0\u00bbtag:h3|text_align:center|color:%23eeee22&Prime; use_theme_fonts=\u00a0\u00bbyes\u00a0\u00bb][vc_column_text]Choisissez cette option si vous n&rsquo;\u00eates pas trop s\u00fbr(e) de ce qui pourrait lui faire plaisir.<\/p>\n<p>Ce choix est aussi indiqu\u00e9 si vous souhaitez simplement lui mettre le pied \u00e0 l&rsquo;\u00e9trier et lui permettre d&rsquo;initier une formation afin d&rsquo;acqu\u00e9rir de nouvelles comp\u00e9tences.<\/p>\n<p>Le montant choisi viendra en d\u00e9duction du montant du ou des modules qu&rsquo;il ou elle choisira ensuite.[\/vc_column_text]<div class=\"divider-wrap\"><div style=\"height: 25px;\" class=\"divider\"><\/div><\/div>[nectar_btn size=\u00a0\u00bbsmall\u00a0\u00bb button_style=\u00a0\u00bbregular\u00a0\u00bb button_color_2=\u00a0\u00bbExtra-Color-3&Prime; icon_family=\u00a0\u00bbnone\u00a0\u00bb url=\u00a0\u00bbhttp:\/\/www.aersys.net\/AeroAcademy\/?p=1242&Prime; text=\u00a0\u00bb155 \u20ac\u00a0\u00bb css_animation=\u00a0\u00bbnone\u00a0\u00bb][nectar_btn size=\u00a0\u00bbsmall\u00a0\u00bb button_style=\u00a0\u00bbregular\u00a0\u00bb button_color_2=\u00a0\u00bbExtra-Color-3&Prime; icon_family=\u00a0\u00bbnone\u00a0\u00bb url=\u00a0\u00bbhttp:\/\/www.aersys.net\/AeroAcademy\/?p=1243&Prime; text=\u00a0\u00bb185 \u20ac\u00a0\u00bb css_animation=\u00a0\u00bbnone\u00a0\u00bb][nectar_btn size=\u00a0\u00bbsmall\u00a0\u00bb button_style=\u00a0\u00bbregular\u00a0\u00bb button_color_2=\u00a0\u00bbExtra-Color-3&Prime; icon_family=\u00a0\u00bbnone\u00a0\u00bb url=\u00a0\u00bbhttp:\/\/www.aersys.net\/AeroAcademy\/?p=1244&Prime; text=\u00a0\u00bb445 \u20ac\u00a0\u00bb css_animation=\u00a0\u00bbnone\u00a0\u00bb][nectar_btn size=\u00a0\u00bbsmall\u00a0\u00bb button_style=\u00a0\u00bbregular\u00a0\u00bb button_color_2=\u00a0\u00bbExtra-Color-3&Prime; icon_family=\u00a0\u00bbnone\u00a0\u00bb url=\u00a0\u00bbhttp:\/\/www.aersys.net\/AeroAcademy\/?p=1245&Prime; text=\u00a0\u00bb530 \u20ac\u00a0\u00bb css_animation=\u00a0\u00bbnone\u00a0\u00bb][nectar_woo_products product_type=\u00a0\u00bball\u00a0\u00bb category=\u00a0\u00bbcadeau\u00a0\u00bb columns=\u00a0\u00bb4&Prime; carousel=\u00a0\u00bb1&Prime; controls_on_hover=\u00a0\u00bb1&Prime;][\/vc_column_inner][vc_column_inner enable_animation=\u00a0\u00bbtrue\u00a0\u00bb animation=\u00a0\u00bbfade-in-from-right\u00a0\u00bb column_padding=\u00a0\u00bbpadding-3-percent\u00a0\u00bb column_padding_position=\u00a0\u00bball\u00a0\u00bb centered_text=\u00a0\u00bbtrue\u00a0\u00bb background_color=\u00a0\u00bb#417788&Prime; background_color_opacity=\u00a0\u00bb1&Prime; width=\u00a0\u00bb1\/3&Prime; column_border_width=\u00a0\u00bbnone\u00a0\u00bb column_border_style=\u00a0\u00bbsolid\u00a0\u00bb delay=\u00a0\u00bb2000&Prime;]<div class=\"img-with-aniamtion-wrap center\" data-max-width=\"100%\"><div class=\"inner\"><img data-shadow=\"none\" data-shadow-direction=\"middle\" class=\"img-with-animation \" data-delay=\"0\" height=\"483\" width=\"724\" data-animation=\"grow-in\" src=\"https:\/\/www.aersys.net\/AeroAcademy\/wp-content\/uploads\/2018\/03\/d\u00e9couverte-light.png\" srcset=\"https:\/\/www.aersys.net\/AeroAcademy\/wp-content\/uploads\/2018\/03\/d\u00e9couverte-light.png 724w, https:\/\/www.aersys.net\/AeroAcademy\/wp-content\/uploads\/2018\/03\/d\u00e9couverte-light-600x400.png 600w, https:\/\/www.aersys.net\/AeroAcademy\/wp-content\/uploads\/2018\/03\/d\u00e9couverte-light-300x200.png 300w\" sizes=\"100vw\" alt=\"module d\u00e9couverte\" \/><\/div><\/div><div class=\"divider-wrap\"><div style=\"height: 25px;\" class=\"divider\"><\/div><\/div>[vc_custom_heading text=\u00a0\u00bbOffrir \u00e0 un(e) non pilote\u00a0\u00bb font_container=\u00a0\u00bbtag:h3|text_align:center|color:%23ffc107&Prime; use_theme_fonts=\u00a0\u00bbyes\u00a0\u00bb][vc_column_text]Pour un(e) particulier non pilote, mais passionn\u00e9e, nous proposons le module \u00ab\u00a0D\u00e9couverte\u00a0\u00bb.<\/p>\n<p>Il s&rsquo;agit d&rsquo;une demi-journ\u00e9e de d\u00e9couverte du monde de l&rsquo;aviation g\u00e9n\u00e9rale.<\/p>\n<p>La personne s&rsquo;immergera dans le milieu et sera initi\u00e9e aux sp\u00e9cificit\u00e9s de cet environnement.\u00a0 Elle abordera les aspects techniques et d&rsquo;exploitation.[\/vc_column_text]<div class=\"divider-wrap\"><div style=\"height: 25px;\" class=\"divider\"><\/div><\/div>[nectar_btn size=\u00a0\u00bbsmall\u00a0\u00bb button_style=\u00a0\u00bbregular\u00a0\u00bb button_color_2=\u00a0\u00bbExtra-Color-3&Prime; icon_family=\u00a0\u00bbnone\u00a0\u00bb url=\u00a0\u00bbhttp:\/\/www.aersys.net\/AeroAcademy\/?p=1059&Prime; text=\u00a0\u00bbVoir le module\u00a0\u00bb css_animation=\u00a0\u00bbnone\u00a0\u00bb][\/vc_column_inner][\/vc_row_inner][\/vc_column][\/vc_row]\n","protected":false},"excerpt":{"rendered":"<p>[vc_row type=\u00a0\u00bbfull_width_content\u00a0\u00bb full_screen_row_position=\u00a0\u00bbmiddle\u00a0\u00bb bg_image=\u00a0\u00bb1178&Prime; bg_position=\u00a0\u00bbcenter center\u00a0\u00bb bg_repeat=\u00a0\u00bbno-repeat\u00a0\u00bb parallax_bg=\u00a0\u00bbtrue\u00a0\u00bb parallax_bg_speed=\u00a0\u00bbfast\u00a0\u00bb bg_color=\u00a0\u00bb#454156&Prime; scene_position=\u00a0\u00bbcenter\u00a0\u00bb text_color=\u00a0\u00bblight\u00a0\u00bb text_align=\u00a0\u00bbleft\u00a0\u00bb top_padding=\u00a0\u00bb9%\u00a0\u00bb id=\u00a0\u00bbintro\u00a0\u00bb row_name=\u00a0\u00bbIntro\u00a0\u00bb color_overlay=\u00a0\u00bb#0a0a0a\u00a0\u00bb overlay_strength=\u00a0\u00bb0.3&Prime;][vc_column centered_text=\u00a0\u00bbtrue\u00a0\u00bb column_padding=\u00a0\u00bbpadding-10-percent\u00a0\u00bb column_padding_position=\u00a0\u00bbtop\u00a0\u00bb background_color_opacity=\u00a0\u00bb1&Prime; background_hover_color_opacity=\u00a0\u00bb1&Prime; bottom_margin=\u00a0\u00bb-20&Prime; column_shadow=\u00a0\u00bbnone\u00a0\u00bb width=\u00a0\u00bb1\/1&Prime; tablet_text_alignment=\u00a0\u00bbdefault\u00a0\u00bb phone_text_alignment=\u00a0\u00bbdefault\u00a0\u00bb column_border_width=\u00a0\u00bbnone\u00a0\u00bb column_border_style=\u00a0\u00bbsolid\u00a0\u00bb][vc_row_inner&#8230;<\/p>\n","protected":false},"author":4,"featured_media":1178,"parent":0,"menu_order":0,"comment_status":"closed","ping_status":"closed","template":"","meta":[],"yoast_head":"<!-- This site is optimized with the Yoast SEO plugin v15.3 - https:\/\/yoast.com\/wordpress\/plugins\/seo\/ -->\n<title>Bon Cadeau - AeroAcademy<\/title>\n<meta name=\"robots\" content=\"index, follow, max-snippet:-1, max-image-preview:large, max-video-preview:-1\" \/>\n<link rel=\"canonical\" href=\"https:\/\/www.aersys.net\/AeroAcademy\/cadeau\/\" \/>\n<meta property=\"og:locale\" content=\"fr_FR\" \/>\n<meta property=\"og:type\" content=\"article\" \/>\n<meta property=\"og:title\" content=\"Bon Cadeau - AeroAcademy\" \/>\n<meta property=\"og:description\" content=\"[vc_row type=\u00a0\u00bbfull_width_content\u00a0\u00bb full_screen_row_position=\u00a0\u00bbmiddle\u00a0\u00bb bg_image=\u00a0\u00bb1178&Prime; bg_position=\u00a0\u00bbcenter center\u00a0\u00bb bg_repeat=\u00a0\u00bbno-repeat\u00a0\u00bb parallax_bg=\u00a0\u00bbtrue\u00a0\u00bb parallax_bg_speed=\u00a0\u00bbfast\u00a0\u00bb bg_color=\u00a0\u00bb#454156&Prime; scene_position=\u00a0\u00bbcenter\u00a0\u00bb text_color=\u00a0\u00bblight\u00a0\u00bb text_align=\u00a0\u00bbleft\u00a0\u00bb top_padding=\u00a0\u00bb9%\u00a0\u00bb id=\u00a0\u00bbintro\u00a0\u00bb row_name=\u00a0\u00bbIntro\u00a0\u00bb color_overlay=\u00a0\u00bb#0a0a0a\u00a0\u00bb overlay_strength=\u00a0\u00bb0.3&Prime;][vc_column centered_text=\u00a0\u00bbtrue\u00a0\u00bb column_padding=\u00a0\u00bbpadding-10-percent\u00a0\u00bb column_padding_position=\u00a0\u00bbtop\u00a0\u00bb background_color_opacity=\u00a0\u00bb1&Prime; background_hover_color_opacity=\u00a0\u00bb1&Prime; bottom_margin=\u00a0\u00bb-20&Prime; column_shadow=\u00a0\u00bbnone\u00a0\u00bb width=\u00a0\u00bb1\/1&Prime; tablet_text_alignment=\u00a0\u00bbdefault\u00a0\u00bb phone_text_alignment=\u00a0\u00bbdefault\u00a0\u00bb column_border_width=\u00a0\u00bbnone\u00a0\u00bb column_border_style=\u00a0\u00bbsolid\u00a0\u00bb][vc_row_inner...\" \/>\n<meta property=\"og:url\" content=\"https:\/\/www.aersys.net\/AeroAcademy\/cadeau\/\" \/>\n<meta property=\"og:site_name\" content=\"AeroAcademy\" \/>\n<meta property=\"article:publisher\" content=\"https:\/\/www.facebook.com\/AeroAcademy.fr\/\" \/>\n<meta property=\"article:modified_time\" content=\"2018-03-25T12:05:05+00:00\" \/>\n<meta property=\"og:image\" content=\"https:\/\/www.aersys.net\/AeroAcademy\/wp-content\/uploads\/2018\/03\/Cadeau.jpg\" \/>\n\t<meta property=\"og:image:width\" content=\"683\" \/>\n\t<meta property=\"og:image:height\" content=\"512\" \/>\n<meta name=\"twitter:card\" content=\"summary_large_image\" \/>\n<meta name=\"twitter:label1\" content=\"\u00c9crit par\">\n\t<meta name=\"twitter:data1\" content=\"AeroAcademy\">\n\t<meta name=\"twitter:label2\" content=\"Dur\u00e9e de lecture est.\">\n\t<meta name=\"twitter:data2\" content=\"5 minutes\">\n<script type=\"application\/ld+json\" class=\"yoast-schema-graph\">{\"@context\":\"https:\/\/schema.org\",\"@graph\":[{\"@type\":\"Organization\",\"@id\":\"http:\/\/www.aersys.net\/AeroAcademy\/#organization\",\"name\":\"AeroAcademy\",\"url\":\"http:\/\/www.aersys.net\/AeroAcademy\/\",\"sameAs\":[\"https:\/\/www.facebook.com\/AeroAcademy.fr\/\",\"https:\/\/www.youtube.com\/channel\/UC0guG48OClkRu5csDbEuEGQ\"],\"logo\":{\"@type\":\"ImageObject\",\"@id\":\"http:\/\/www.aersys.net\/AeroAcademy\/#logo\",\"inLanguage\":\"fr-FR\",\"url\":\"https:\/\/www.aersys.net\/AeroAcademy\/wp-content\/uploads\/2017\/10\/FOND-TRANSPARENT.png\",\"width\":2762,\"height\":1205,\"caption\":\"AeroAcademy\"},\"image\":{\"@id\":\"http:\/\/www.aersys.net\/AeroAcademy\/#logo\"}},{\"@type\":\"WebSite\",\"@id\":\"http:\/\/www.aersys.net\/AeroAcademy\/#website\",\"url\":\"http:\/\/www.aersys.net\/AeroAcademy\/\",\"name\":\"AeroAcademy\",\"description\":\"\",\"publisher\":{\"@id\":\"http:\/\/www.aersys.net\/AeroAcademy\/#organization\"},\"potentialAction\":[{\"@type\":\"SearchAction\",\"target\":\"http:\/\/www.aersys.net\/AeroAcademy\/?s={search_term_string}\",\"query-input\":\"required name=search_term_string\"}],\"inLanguage\":\"fr-FR\"},{\"@type\":\"ImageObject\",\"@id\":\"https:\/\/www.aersys.net\/AeroAcademy\/cadeau\/#primaryimage\",\"inLanguage\":\"fr-FR\",\"url\":\"https:\/\/www.aersys.net\/AeroAcademy\/wp-content\/uploads\/2018\/03\/Cadeau.jpg\",\"width\":683,\"height\":512,\"caption\":\"Cadeau\"},{\"@type\":\"WebPage\",\"@id\":\"https:\/\/www.aersys.net\/AeroAcademy\/cadeau\/#webpage\",\"url\":\"https:\/\/www.aersys.net\/AeroAcademy\/cadeau\/\",\"name\":\"Bon Cadeau - AeroAcademy\",\"isPartOf\":{\"@id\":\"http:\/\/www.aersys.net\/AeroAcademy\/#website\"},\"primaryImageOfPage\":{\"@id\":\"https:\/\/www.aersys.net\/AeroAcademy\/cadeau\/#primaryimage\"},\"datePublished\":\"2018-03-25T10:34:59+00:00\",\"dateModified\":\"2018-03-25T12:05:05+00:00\",\"inLanguage\":\"fr-FR\",\"potentialAction\":[{\"@type\":\"ReadAction\",\"target\":[\"https:\/\/www.aersys.net\/AeroAcademy\/cadeau\/\"]}]}]}<\/script>\n<!-- \/ Yoast SEO plugin. -->","_links":{"self":[{"href":"https:\/\/www.aersys.net\/AeroAcademy\/wp-json\/wp\/v2\/pages\/1173"}],"collection":[{"href":"https:\/\/www.aersys.net\/AeroAcademy\/wp-json\/wp\/v2\/pages"}],"about":[{"href":"https:\/\/www.aersys.net\/AeroAcademy\/wp-json\/wp\/v2\/types\/page"}],"author":[{"embeddable":true,"href":"https:\/\/www.aersys.net\/AeroAcademy\/wp-json\/wp\/v2\/users\/4"}],"replies":[{"embeddable":true,"href":"https:\/\/www.aersys.net\/AeroAcademy\/wp-json\/wp\/v2\/comments?post=1173"}],"version-history":[{"count":61,"href":"https:\/\/www.aersys.net\/AeroAcademy\/wp-json\/wp\/v2\/pages\/1173\/revisions"}],"predecessor-version":[{"id":1248,"href":"https:\/\/www.aersys.net\/AeroAcademy\/wp-json\/wp\/v2\/pages\/1173\/revisions\/1248"}],"wp:featuredmedia":[{"embeddable":true,"href":"https:\/\/www.aersys.net\/AeroAcademy\/wp-json\/wp\/v2\/media\/1178"}],"wp:attachment":[{"href":"https:\/\/www.aersys.net\/AeroAcademy\/wp-json\/wp\/v2\/media?parent=1173"}],"curies":[{"name":"wp","href":"https:\/\/api.w.org\/{rel}","templated":true}]}}