{"id":10,"date":"2017-10-23T16:02:14","date_gmt":"2017-10-23T14:02:14","guid":{"rendered":"http:\/\/www.aersys.net\/AeroAcademy\/?page_id=10"},"modified":"2018-11-10T14:30:46","modified_gmt":"2018-11-10T13:30:46","slug":"aeroacademy","status":"publish","type":"page","link":"https:\/\/www.aersys.net\/AeroAcademy\/","title":{"rendered":"Accueil"},"content":{"rendered":"[vc_row type=\u00a0\u00bbfull_width_content\u00a0\u00bb full_screen_row_position=\u00a0\u00bbmiddle\u00a0\u00bb scene_position=\u00a0\u00bbcenter\u00a0\u00bb text_color=\u00a0\u00bbdark\u00a0\u00bb text_align=\u00a0\u00bbleft\u00a0\u00bb overlay_strength=\u00a0\u00bb0.3&Prime;][vc_column column_padding=\u00a0\u00bbno-extra-padding\u00a0\u00bb column_padding_position=\u00a0\u00bball\u00a0\u00bb background_color_opacity=\u00a0\u00bb1&Prime; background_hover_color_opacity=\u00a0\u00bb1&Prime; column_shadow=\u00a0\u00bbnone\u00a0\u00bb width=\u00a0\u00bb1\/1&Prime; tablet_text_alignment=\u00a0\u00bbdefault\u00a0\u00bb phone_text_alignment=\u00a0\u00bbdefault\u00a0\u00bb column_border_width=\u00a0\u00bbnone\u00a0\u00bb column_border_style=\u00a0\u00bbsolid\u00a0\u00bb][rev_slider_vc alias=\u00a0\u00bbstormy-fullwidth\u00a0\u00bb][\/vc_column][\/vc_row][vc_row type=\u00a0\u00bbfull_width_background\u00a0\u00bb full_screen_row_position=\u00a0\u00bbmiddle\u00a0\u00bb bg_color=\u00a0\u00bb#ffffff\u00a0\u00bb scene_position=\u00a0\u00bbcenter\u00a0\u00bb text_color=\u00a0\u00bbdark\u00a0\u00bb text_align=\u00a0\u00bbleft\u00a0\u00bb top_padding=\u00a0\u00bb5%\u00a0\u00bb bottom_padding=\u00a0\u00bb5%\u00a0\u00bb id=\u00a0\u00bbquisommesnous\u00a0\u00bb overlay_strength=\u00a0\u00bb1&Prime;][vc_column column_padding=\u00a0\u00bbno-extra-padding\u00a0\u00bb column_padding_position=\u00a0\u00bball\u00a0\u00bb background_color_opacity=\u00a0\u00bb1&Prime; background_hover_color_opacity=\u00a0\u00bb1&Prime; column_shadow=\u00a0\u00bbnone\u00a0\u00bb width=\u00a0\u00bb1\/1&Prime; tablet_text_alignment=\u00a0\u00bbdefault\u00a0\u00bb phone_text_alignment=\u00a0\u00bbdefault\u00a0\u00bb column_border_width=\u00a0\u00bbnone\u00a0\u00bb column_border_style=\u00a0\u00bbsolid\u00a0\u00bb][vc_custom_heading text=\u00a0\u00bbQui sommes-nous?\u00a0\u00bb font_container=\u00a0\u00bbtag:h2|text_align:left|color:%23417788&Prime; use_theme_fonts=\u00a0\u00bbyes\u00a0\u00bb css_animation=\u00a0\u00bbfadeInDown\u00a0\u00bb][vc_row_inner content_placement=\u00a0\u00bbtop\u00a0\u00bb column_margin=\u00a0\u00bbdefault\u00a0\u00bb text_align=\u00a0\u00bbleft\u00a0\u00bb][vc_column_inner enable_animation=\u00a0\u00bbtrue\u00a0\u00bb animation=\u00a0\u00bbfade-in-from-bottom\u00a0\u00bb column_padding=\u00a0\u00bbpadding-3-percent\u00a0\u00bb column_padding_position=\u00a0\u00bbtop-bottom\u00a0\u00bb background_color_opacity=\u00a0\u00bb1&Prime; width=\u00a0\u00bb1\/2&Prime; column_border_width=\u00a0\u00bbnone\u00a0\u00bb column_border_style=\u00a0\u00bbsolid\u00a0\u00bb][vc_column_text css_animation=\u00a0\u00bbfadeIn\u00a0\u00bb css=\u00a0\u00bb.vc_custom_1517994890430{padding-right: 10% !important;}\u00a0\u00bb]A l&rsquo;\u00e9poque des Lignes A\u00e9riennes Lat\u00e9co\u00e8re, puis de l&rsquo;A\u00e9rospostale, Didier Daurat exigeait de ses pilotes qu&rsquo;ils fassent leurs premi\u00e8res armes dans les ateliers de maintenance et de r\u00e9paration, ce qu&rsquo;il appelait le \u00ab\u00a0Royal Cambouis\u00a0\u00bb.<br \/>\nUne fois en ligne, ses pilotes entretenaient d\u00e8s lors une \u00e9troite relation avec leur machine et \u00e9taient \u00e0 m\u00eame d&rsquo;affronter les pires al\u00e9as m\u00e9caniques de l&rsquo;\u00e9poque.<\/p>\n<p>De nos jours, la situation est diff\u00e9rente. Les pilotes d\u00e9l\u00e8guent les bons soins de leurs machines \u00e0 des ateliers agr\u00e9\u00e9s, solution la plus commune.<\/p>\n<p>Le lien privil\u00e9gi\u00e9 avec la machine s&rsquo;en trouve rompu.<\/p>\n<p>Certes, il y a toujours le plaisir de voler, mais l&rsquo;essentiel de la relation fait d\u00e9faut.[\/vc_column_text][\/vc_column_inner][vc_column_inner enable_animation=\u00a0\u00bbtrue\u00a0\u00bb animation=\u00a0\u00bbfade-in-from-bottom\u00a0\u00bb column_padding=\u00a0\u00bbpadding-3-percent\u00a0\u00bb column_padding_position=\u00a0\u00bbtop-bottom\u00a0\u00bb background_color_opacity=\u00a0\u00bb1&Prime; width=\u00a0\u00bb1\/2&Prime; column_border_width=\u00a0\u00bbnone\u00a0\u00bb column_border_style=\u00a0\u00bbsolid\u00a0\u00bb delay=\u00a0\u00bb100&Prime;][vc_column_text css_animation=\u00a0\u00bbnone\u00a0\u00bb css=\u00a0\u00bb.vc_custom_1518003734565{padding-right: 10% !important;}\u00a0\u00bb]<strong>AeroAcademy<\/strong> vous propose un \u00e9ventail de prestations permettant \u00e0 tout un chacun de faire revivre ce lien, de retrouver ce plaisir et ce, \u00e0 son rythme, selon ses besoins et selon ses envies.<\/p>\n<p>L&rsquo;objectif est de vous fournir les comp\u00e9tences r\u00e9glementaires et techniques n\u00e9cessaires \u00e0 la bonne r\u00e9alisation des op\u00e9rations les plus courantes d&rsquo;entretien de votre avion.<\/p>\n<p>Vous allez acqu\u00e9rir les connaissances qui vous feront regarder votre machine avec un \u0153il nouveau.\u00a0 Ce sera moins cher.\u00a0 Ce sera plus s\u00fbr.<\/p>\n<p>Est-ce possible ?\u00a0 Oui, c&rsquo;est ce que vous allez d\u00e9couvrir.<\/p>\n<p>Excellente visite ![\/vc_column_text][\/vc_column_inner][\/vc_row_inner][\/vc_column][\/vc_row][vc_row type=\u00a0\u00bbfull_width_content\u00a0\u00bb full_screen_row_position=\u00a0\u00bbmiddle\u00a0\u00bb equal_height=\u00a0\u00bbyes\u00a0\u00bb content_placement=\u00a0\u00bbtop\u00a0\u00bb bg_color=\u00a0\u00bb#002332&Prime; scene_position=\u00a0\u00bbcenter\u00a0\u00bb text_color=\u00a0\u00bblight\u00a0\u00bb text_align=\u00a0\u00bbcenter\u00a0\u00bb overlay_strength=\u00a0\u00bb0.3&Prime;][vc_column centered_text=\u00a0\u00bbtrue\u00a0\u00bb column_padding=\u00a0\u00bbpadding-5-percent\u00a0\u00bb column_padding_position=\u00a0\u00bball\u00a0\u00bb background_color_opacity=\u00a0\u00bb1&Prime; background_hover_color_opacity=\u00a0\u00bb1&Prime; column_shadow=\u00a0\u00bbnone\u00a0\u00bb width=\u00a0\u00bb1\/2&Prime; tablet_text_alignment=\u00a0\u00bbdefault\u00a0\u00bb phone_text_alignment=\u00a0\u00bbdefault\u00a0\u00bb column_border_width=\u00a0\u00bbnone\u00a0\u00bb column_border_style=\u00a0\u00bbsolid\u00a0\u00bb][nectar_icon icon_family=\u00a0\u00bbiconsmind\u00a0\u00bb icon_style=\u00a0\u00bbborder-animation\u00a0\u00bb icon_border_thickness=\u00a0\u00bb2px\u00a0\u00bb icon_color=\u00a0\u00bbwhite\u00a0\u00bb icon_padding=\u00a0\u00bb25px\u00a0\u00bb icon_iconsmind=\u00a0\u00bbiconsmind-Sand-watch2&Prime; margin_bottom=\u00a0\u00bb15&Prime; icon_size=\u00a0\u00bb40&Prime; url=\u00a0\u00bb#\u00a0\u00bb][vc_custom_heading text=\u00a0\u00bbQue proposons-nous ?\u00a0\u00bb font_container=\u00a0\u00bbtag:h3|text_align:center|color:%23eeee22&Prime; use_theme_fonts=\u00a0\u00bbyes\u00a0\u00bb]<div class=\"divider-wrap\"><div style=\"height: 5px;\" class=\"divider\"><\/div><\/div>[vc_column_text max_width=\u00a0\u00bb350&Prime; css=\u00a0\u00bb.vc_custom_1541856601237{margin-bottom: 40px !important;}\u00a0\u00bb]\n<p style=\"text-align: center;\"><span style=\"color: #aaa;\"><strong>AeroAcademy<\/strong> vous propose une s\u00e9rie de modules de cours compl\u00e9mentaires.\u00a0 Vous progresserez petit \u00e0 petit vers plus de comp\u00e9tences, vers plus d&rsquo;assurance.\u00a0 Vous deviendrez compl\u00e8tement autonome quant \u00e0 la gestion de la maintenance de votre machine.\u00a0 Et ceci, \u00e0 votre rythme.<br \/>\n<\/span><\/p>\n[\/vc_column_text][\/vc_column][vc_column column_padding=\u00a0\u00bbno-extra-padding\u00a0\u00bb column_padding_position=\u00a0\u00bball\u00a0\u00bb background_color_opacity=\u00a0\u00bb1&Prime; background_hover_color_opacity=\u00a0\u00bb1&Prime; top_margin=\u00a0\u00bb67&Prime; column_shadow=\u00a0\u00bbnone\u00a0\u00bb width=\u00a0\u00bb1\/2&Prime; tablet_text_alignment=\u00a0\u00bbdefault\u00a0\u00bb phone_text_alignment=\u00a0\u00bbdefault\u00a0\u00bb column_border_width=\u00a0\u00bbnone\u00a0\u00bb column_border_style=\u00a0\u00bbsolid\u00a0\u00bb][nectar_icon icon_family=\u00a0\u00bbiconsmind\u00a0\u00bb icon_style=\u00a0\u00bbborder-animation\u00a0\u00bb icon_border_thickness=\u00a0\u00bb2px\u00a0\u00bb icon_color=\u00a0\u00bbwhite\u00a0\u00bb icon_padding=\u00a0\u00bb25px\u00a0\u00bb icon_iconsmind=\u00a0\u00bbiconsmind-Business-ManWoman\u00a0\u00bb margin_bottom=\u00a0\u00bb15&Prime; icon_size=\u00a0\u00bb40&Prime; url=\u00a0\u00bb#\u00a0\u00bb][vc_custom_heading text=\u00a0\u00bbPour qui ?\u00a0\u00bb font_container=\u00a0\u00bbtag:h3|text_align:center|color:%23eeee22&Prime; use_theme_fonts=\u00a0\u00bbyes\u00a0\u00bb]<div class=\"divider-wrap\"><div style=\"height: 5px;\" class=\"divider\"><\/div><\/div>[vc_column_text max_width=\u00a0\u00bb350&Prime; css=\u00a0\u00bb.vc_custom_1518000512125{margin-bottom: 40px !important;}\u00a0\u00bb]\n<p style=\"text-align: center;\"><strong><span style=\"color: #aaa;\">AeroAcademy <\/span><\/strong><span style=\"color: #aaa;\">s&rsquo;adresse \u00e0 tous les passionn\u00e9s de machines volantes.\u00a0 Que vous soyez pilote propri\u00e9taire, membre d&rsquo;un a\u00e9roclub ou simplement un particulier, nos prestations vous fourniront l&rsquo;expertise n\u00e9cessaire pour op\u00e9rer les actions de maintenance et r\u00e9paration n\u00e9cessaires sur votre machine avec un niveau de s\u00e9curit\u00e9 au-del\u00e0 des exigences r\u00e9glementaires.<\/span><\/p>\n[\/vc_column_text][\/vc_column][\/vc_row][vc_row type=\u00a0\u00bbfull_width_content\u00a0\u00bb full_screen_row_position=\u00a0\u00bbmiddle\u00a0\u00bb bg_color=\u00a0\u00bb#002332&Prime; scene_position=\u00a0\u00bbcenter\u00a0\u00bb text_color=\u00a0\u00bbdark\u00a0\u00bb text_align=\u00a0\u00bbright\u00a0\u00bb overlay_strength=\u00a0\u00bb0.3&Prime;][vc_column centered_text=\u00a0\u00bbtrue\u00a0\u00bb column_padding=\u00a0\u00bbno-extra-padding\u00a0\u00bb column_padding_position=\u00a0\u00bball\u00a0\u00bb background_color=\u00a0\u00bb#002332&Prime; background_color_opacity=\u00a0\u00bb1&Prime; background_hover_color_opacity=\u00a0\u00bb1&Prime; column_shadow=\u00a0\u00bbnone\u00a0\u00bb width=\u00a0\u00bb1\/1&Prime; tablet_text_alignment=\u00a0\u00bbdefault\u00a0\u00bb phone_text_alignment=\u00a0\u00bbdefault\u00a0\u00bb column_border_width=\u00a0\u00bbnone\u00a0\u00bb column_border_style=\u00a0\u00bbsolid\u00a0\u00bb][nectar_btn size=\u00a0\u00bbmedium\u00a0\u00bb button_style=\u00a0\u00bbregular\u00a0\u00bb button_color_2=\u00a0\u00bbExtra-Color-3&Prime; icon_family=\u00a0\u00bbnone\u00a0\u00bb text=\u00a0\u00bbNos activit\u00e9s\u00a0\u00bb url=\u00a0\u00bbhttp:\/\/www.aersys.net\/AeroAcademy\/activites\/\u00a0\u00bb][vc_row_inner column_margin=\u00a0\u00bbdefault\u00a0\u00bb text_align=\u00a0\u00bbleft\u00a0\u00bb][vc_column_inner column_padding=\u00a0\u00bbno-extra-padding\u00a0\u00bb column_padding_position=\u00a0\u00bball\u00a0\u00bb background_color_opacity=\u00a0\u00bb1&Prime; width=\u00a0\u00bb1\/1&Prime; column_border_width=\u00a0\u00bbnone\u00a0\u00bb column_border_style=\u00a0\u00bbsolid\u00a0\u00bb]<div class=\"divider-wrap\"><div style=\"height: 50px;\" class=\"divider\"><\/div><\/div>[\/vc_column_inner][\/vc_row_inner][\/vc_column][\/vc_row]\n","protected":false},"excerpt":{"rendered":"<p>[vc_row type=\u00a0\u00bbfull_width_content\u00a0\u00bb full_screen_row_position=\u00a0\u00bbmiddle\u00a0\u00bb scene_position=\u00a0\u00bbcenter\u00a0\u00bb text_color=\u00a0\u00bbdark\u00a0\u00bb text_align=\u00a0\u00bbleft\u00a0\u00bb overlay_strength=\u00a0\u00bb0.3&Prime;][vc_column column_padding=\u00a0\u00bbno-extra-padding\u00a0\u00bb column_padding_position=\u00a0\u00bball\u00a0\u00bb background_color_opacity=\u00a0\u00bb1&Prime; background_hover_color_opacity=\u00a0\u00bb1&Prime; column_shadow=\u00a0\u00bbnone\u00a0\u00bb width=\u00a0\u00bb1\/1&Prime; tablet_text_alignment=\u00a0\u00bbdefault\u00a0\u00bb phone_text_alignment=\u00a0\u00bbdefault\u00a0\u00bb column_border_width=\u00a0\u00bbnone\u00a0\u00bb column_border_style=\u00a0\u00bbsolid\u00a0\u00bb][rev_slider_vc alias=\u00a0\u00bbstormy-fullwidth\u00a0\u00bb][\/vc_column][\/vc_row][vc_row type=\u00a0\u00bbfull_width_background\u00a0\u00bb full_screen_row_position=\u00a0\u00bbmiddle\u00a0\u00bb bg_color=\u00a0\u00bb#ffffff\u00a0\u00bb scene_position=\u00a0\u00bbcenter\u00a0\u00bb text_color=\u00a0\u00bbdark\u00a0\u00bb text_align=\u00a0\u00bbleft\u00a0\u00bb top_padding=\u00a0\u00bb5%\u00a0\u00bb bottom_padding=\u00a0\u00bb5%\u00a0\u00bb id=\u00a0\u00bbquisommesnous\u00a0\u00bb overlay_strength=\u00a0\u00bb1&Prime;][vc_column column_padding=\u00a0\u00bbno-extra-padding\u00a0\u00bb column_padding_position=\u00a0\u00bball\u00a0\u00bb&#8230;<\/p>\n","protected":false},"author":1,"featured_media":0,"parent":0,"menu_order":0,"comment_status":"closed","ping_status":"closed","template":"","meta":[],"yoast_head":"<!-- This site is optimized with the Yoast SEO plugin v15.3 - https:\/\/yoast.com\/wordpress\/plugins\/seo\/ -->\n<title>Accueil - AeroAcademy<\/title>\n<meta name=\"description\" content=\"AeroAcademy propose des cours modulaires de maintenance avion \u00e0 destination des pilotes propri\u00e9taires et des a\u00e9roclubs. AeroAcademy propose aussi, des prestations de suivi de la conformit\u00e9 r\u00e9glementaire dans le cadre des exploitations SPO et NCC.\" \/>\n<meta name=\"robots\" content=\"index, follow, max-snippet:-1, max-image-preview:large, max-video-preview:-1\" \/>\n<link rel=\"canonical\" href=\"https:\/\/www.aersys.net\/AeroAcademy\/\" \/>\n<meta property=\"og:locale\" content=\"fr_FR\" \/>\n<meta property=\"og:type\" content=\"article\" \/>\n<meta property=\"og:title\" content=\"Accueil - AeroAcademy\" \/>\n<meta property=\"og:description\" content=\"AeroAcademy propose des cours modulaires de maintenance avion \u00e0 destination des pilotes propri\u00e9taires et des a\u00e9roclubs. AeroAcademy propose aussi, des prestations de suivi de la conformit\u00e9 r\u00e9glementaire dans le cadre des exploitations SPO et NCC.\" \/>\n<meta property=\"og:url\" content=\"https:\/\/www.aersys.net\/AeroAcademy\/\" \/>\n<meta property=\"og:site_name\" content=\"AeroAcademy\" \/>\n<meta property=\"article:publisher\" content=\"https:\/\/www.facebook.com\/AeroAcademy.fr\/\" \/>\n<meta property=\"article:modified_time\" content=\"2018-11-10T13:30:46+00:00\" \/>\n<meta property=\"og:image\" content=\"https:\/\/www.aersys.net\/AeroAcademy\/wp-content\/uploads\/2017\/10\/FOND-TRANSPARENT.png\" \/>\n\t<meta property=\"og:image:width\" content=\"2762\" \/>\n\t<meta property=\"og:image:height\" content=\"1205\" \/>\n<meta name=\"twitter:card\" content=\"summary_large_image\" \/>\n<meta name=\"twitter:label1\" content=\"\u00c9crit par\">\n\t<meta name=\"twitter:data1\" content=\"Egooroocrea\">\n\t<meta name=\"twitter:label2\" content=\"Dur\u00e9e de lecture est.\">\n\t<meta name=\"twitter:data2\" content=\"4 minutes\">\n<script type=\"application\/ld+json\" class=\"yoast-schema-graph\">{\"@context\":\"https:\/\/schema.org\",\"@graph\":[{\"@type\":\"Organization\",\"@id\":\"http:\/\/www.aersys.net\/AeroAcademy\/#organization\",\"name\":\"AeroAcademy\",\"url\":\"http:\/\/www.aersys.net\/AeroAcademy\/\",\"sameAs\":[\"https:\/\/www.facebook.com\/AeroAcademy.fr\/\",\"https:\/\/www.youtube.com\/channel\/UC0guG48OClkRu5csDbEuEGQ\"],\"logo\":{\"@type\":\"ImageObject\",\"@id\":\"http:\/\/www.aersys.net\/AeroAcademy\/#logo\",\"inLanguage\":\"fr-FR\",\"url\":\"https:\/\/www.aersys.net\/AeroAcademy\/wp-content\/uploads\/2017\/10\/FOND-TRANSPARENT.png\",\"width\":2762,\"height\":1205,\"caption\":\"AeroAcademy\"},\"image\":{\"@id\":\"http:\/\/www.aersys.net\/AeroAcademy\/#logo\"}},{\"@type\":\"WebSite\",\"@id\":\"http:\/\/www.aersys.net\/AeroAcademy\/#website\",\"url\":\"http:\/\/www.aersys.net\/AeroAcademy\/\",\"name\":\"AeroAcademy\",\"description\":\"\",\"publisher\":{\"@id\":\"http:\/\/www.aersys.net\/AeroAcademy\/#organization\"},\"potentialAction\":[{\"@type\":\"SearchAction\",\"target\":\"http:\/\/www.aersys.net\/AeroAcademy\/?s={search_term_string}\",\"query-input\":\"required name=search_term_string\"}],\"inLanguage\":\"fr-FR\"},{\"@type\":\"WebPage\",\"@id\":\"https:\/\/www.aersys.net\/AeroAcademy\/#webpage\",\"url\":\"https:\/\/www.aersys.net\/AeroAcademy\/\",\"name\":\"Accueil - AeroAcademy\",\"isPartOf\":{\"@id\":\"http:\/\/www.aersys.net\/AeroAcademy\/#website\"},\"datePublished\":\"2017-10-23T14:02:14+00:00\",\"dateModified\":\"2018-11-10T13:30:46+00:00\",\"description\":\"AeroAcademy propose des cours modulaires de maintenance avion \\u00e0 destination des pilotes propri\\u00e9taires et des a\\u00e9roclubs. AeroAcademy propose aussi, des prestations de suivi de la conformit\\u00e9 r\\u00e9glementaire dans le cadre des exploitations SPO et NCC.\",\"inLanguage\":\"fr-FR\",\"potentialAction\":[{\"@type\":\"ReadAction\",\"target\":[\"https:\/\/www.aersys.net\/AeroAcademy\/\"]}]}]}<\/script>\n<!-- \/ Yoast SEO plugin. -->","_links":{"self":[{"href":"https:\/\/www.aersys.net\/AeroAcademy\/wp-json\/wp\/v2\/pages\/10"}],"collection":[{"href":"https:\/\/www.aersys.net\/AeroAcademy\/wp-json\/wp\/v2\/pages"}],"about":[{"href":"https:\/\/www.aersys.net\/AeroAcademy\/wp-json\/wp\/v2\/types\/page"}],"author":[{"embeddable":true,"href":"https:\/\/www.aersys.net\/AeroAcademy\/wp-json\/wp\/v2\/users\/1"}],"replies":[{"embeddable":true,"href":"https:\/\/www.aersys.net\/AeroAcademy\/wp-json\/wp\/v2\/comments?post=10"}],"version-history":[{"count":91,"href":"https:\/\/www.aersys.net\/AeroAcademy\/wp-json\/wp\/v2\/pages\/10\/revisions"}],"predecessor-version":[{"id":1292,"href":"https:\/\/www.aersys.net\/AeroAcademy\/wp-json\/wp\/v2\/pages\/10\/revisions\/1292"}],"wp:attachment":[{"href":"https:\/\/www.aersys.net\/AeroAcademy\/wp-json\/wp\/v2\/media?parent=10"}],"curies":[{"name":"wp","href":"https:\/\/api.w.org\/{rel}","templated":true}]}}