{"id":1130,"date":"2018-03-17T15:11:53","date_gmt":"2018-03-17T14:11:53","guid":{"rendered":"http:\/\/www.aersys.net\/AeroAcademy\/?post_type=product&#038;p=1130"},"modified":"2019-01-02T09:05:13","modified_gmt":"2019-01-02T08:05:13","slug":"m-4-tppac","status":"publish","type":"product","link":"http:\/\/www.aersys.net\/AeroAcademy\/produit\/m-4-tppac\/","title":{"rendered":"M.4. &#8211; Les T\u00e2ches Pilote Propri\u00e9taire &#038; A\u00e9roclubs"},"content":{"rendered":"","protected":false},"excerpt":{"rendered":"<p>Les module \u00ab\u00a0Les T\u00e2ches Pilotes Propri\u00e9taires &amp; A\u00e9roclubs\u00a0\u00bb est le module regroupant l&rsquo;essentiel des connaissances n\u00e9cessaires \u00e0 l&rsquo;accomplissement des op\u00e9rations de maintenance sur tout type d&rsquo;a\u00e9ronef non complexe et non exploit\u00e9 commercialement.<\/p>\n<p>Ce module regroupe les connaissances des groupes de modules :<\/p>\n<ol>\n<li>M.0. &#8211; La Pr\u00e9paration des Op\u00e9rations (Pack de 3 modules),<\/li>\n<li>M.1. &#8211; Les Bases et Bonnes Pratiques (Pack de 3 modules),<\/li>\n<li>M.2. &#8211; La Maintenance des Moteurs (Pack de 3 modules).<\/li>\n<\/ol>\n<p>En plus de ces modules, sont trait\u00e9s les points relatifs \u00e0 :<\/p>\n<ol>\n<li>l&rsquo;organisation du travail,<\/li>\n<li>la programmation des t\u00e2ches (50 heures ou 100 heures\/annuelle),<\/li>\n<li>les relations avec l&rsquo;Autorit\u00e9.<\/li>\n<\/ol>\n","protected":false},"featured_media":1018,"template":"","meta":[],"yoast_head":"<!-- This site is optimized with the Yoast SEO plugin v15.3 - https:\/\/yoast.com\/wordpress\/plugins\/seo\/ -->\n<title>M.4. - Les T\u00e2ches Pilote Propri\u00e9taire &amp; A\u00e9roclubs - AeroAcademy<\/title>\n<meta name=\"robots\" content=\"index, follow, max-snippet:-1, max-image-preview:large, max-video-preview:-1\" \/>\n<link rel=\"canonical\" href=\"http:\/\/www.aersys.net\/AeroAcademy\/produit\/m-4-tppac\/\" \/>\n<meta property=\"og:locale\" content=\"fr_FR\" \/>\n<meta property=\"og:type\" content=\"article\" \/>\n<meta property=\"og:title\" content=\"M.4. - Les T\u00e2ches Pilote Propri\u00e9taire &amp; A\u00e9roclubs - AeroAcademy\" \/>\n<meta property=\"og:description\" content=\"Les module &quot;Les T\u00e2ches Pilotes Propri\u00e9taires &amp; A\u00e9roclubs&quot; est le module regroupant l&#039;essentiel des connaissances n\u00e9cessaires \u00e0 l&#039;accomplissement des op\u00e9rations de maintenance sur tout type d&#039;a\u00e9ronef non complexe et non exploit\u00e9 commercialement.  Ce module regroupe les connaissances des groupes de modules :   M.0. - La Pr\u00e9paration des Op\u00e9rations (Pack de 3 modules),  M.1. - Les Bases et Bonnes Pratiques (Pack de 3 modules),  M.2. - La Maintenance des Moteurs (Pack de 3 modules).  En plus de ces modules, sont trait\u00e9s les points relatifs \u00e0 :   l&#039;organisation du travail,  la programmation des t\u00e2ches (50 heures ou 100 heures\/annuelle),  les relations avec l&#039;Autorit\u00e9.\" \/>\n<meta property=\"og:url\" content=\"http:\/\/www.aersys.net\/AeroAcademy\/produit\/m-4-tppac\/\" \/>\n<meta property=\"og:site_name\" content=\"AeroAcademy\" \/>\n<meta property=\"article:publisher\" content=\"https:\/\/www.facebook.com\/AeroAcademy.fr\/\" \/>\n<meta property=\"article:modified_time\" content=\"2019-01-02T08:05:13+00:00\" \/>\n<meta property=\"og:image\" content=\"http:\/\/www.aersys.net\/AeroAcademy\/wp-content\/uploads\/2018\/03\/AdobeStock_173490401-light.png\" \/>\n\t<meta property=\"og:image:width\" content=\"724\" \/>\n\t<meta property=\"og:image:height\" content=\"483\" \/>\n<meta name=\"twitter:card\" content=\"summary_large_image\" \/>\n<meta name=\"twitter:label1\" content=\"\u00c9crit par\">\n\t<meta name=\"twitter:data1\" content=\"AeroAcademy\">\n<script type=\"application\/ld+json\" class=\"yoast-schema-graph\">{\"@context\":\"https:\/\/schema.org\",\"@graph\":[{\"@type\":\"Organization\",\"@id\":\"http:\/\/www.aersys.net\/AeroAcademy\/#organization\",\"name\":\"AeroAcademy\",\"url\":\"http:\/\/www.aersys.net\/AeroAcademy\/\",\"sameAs\":[\"https:\/\/www.facebook.com\/AeroAcademy.fr\/\",\"https:\/\/www.youtube.com\/channel\/UC0guG48OClkRu5csDbEuEGQ\"],\"logo\":{\"@type\":\"ImageObject\",\"@id\":\"http:\/\/www.aersys.net\/AeroAcademy\/#logo\",\"inLanguage\":\"fr-FR\",\"url\":\"http:\/\/www.aersys.net\/AeroAcademy\/wp-content\/uploads\/2017\/10\/FOND-TRANSPARENT.png\",\"width\":2762,\"height\":1205,\"caption\":\"AeroAcademy\"},\"image\":{\"@id\":\"http:\/\/www.aersys.net\/AeroAcademy\/#logo\"}},{\"@type\":\"WebSite\",\"@id\":\"http:\/\/www.aersys.net\/AeroAcademy\/#website\",\"url\":\"http:\/\/www.aersys.net\/AeroAcademy\/\",\"name\":\"AeroAcademy\",\"description\":\"\",\"publisher\":{\"@id\":\"http:\/\/www.aersys.net\/AeroAcademy\/#organization\"},\"potentialAction\":[{\"@type\":\"SearchAction\",\"target\":\"http:\/\/www.aersys.net\/AeroAcademy\/?s={search_term_string}\",\"query-input\":\"required name=search_term_string\"}],\"inLanguage\":\"fr-FR\"},{\"@type\":\"ImageObject\",\"@id\":\"http:\/\/www.aersys.net\/AeroAcademy\/produit\/m-4-tppac\/#primaryimage\",\"inLanguage\":\"fr-FR\",\"url\":\"http:\/\/www.aersys.net\/AeroAcademy\/wp-content\/uploads\/2018\/03\/AdobeStock_173490401-light.png\",\"width\":724,\"height\":483},{\"@type\":\"WebPage\",\"@id\":\"http:\/\/www.aersys.net\/AeroAcademy\/produit\/m-4-tppac\/#webpage\",\"url\":\"http:\/\/www.aersys.net\/AeroAcademy\/produit\/m-4-tppac\/\",\"name\":\"M.4. - Les T\\u00e2ches Pilote Propri\\u00e9taire & A\\u00e9roclubs - AeroAcademy\",\"isPartOf\":{\"@id\":\"http:\/\/www.aersys.net\/AeroAcademy\/#website\"},\"primaryImageOfPage\":{\"@id\":\"http:\/\/www.aersys.net\/AeroAcademy\/produit\/m-4-tppac\/#primaryimage\"},\"datePublished\":\"2018-03-17T14:11:53+00:00\",\"dateModified\":\"2019-01-02T08:05:13+00:00\",\"inLanguage\":\"fr-FR\",\"potentialAction\":[{\"@type\":\"ReadAction\",\"target\":[\"http:\/\/www.aersys.net\/AeroAcademy\/produit\/m-4-tppac\/\"]}]}]}<\/script>\n<!-- \/ Yoast SEO plugin. -->","_links":{"self":[{"href":"http:\/\/www.aersys.net\/AeroAcademy\/wp-json\/wp\/v2\/product\/1130"}],"collection":[{"href":"http:\/\/www.aersys.net\/AeroAcademy\/wp-json\/wp\/v2\/product"}],"about":[{"href":"http:\/\/www.aersys.net\/AeroAcademy\/wp-json\/wp\/v2\/types\/product"}],"wp:featuredmedia":[{"embeddable":true,"href":"http:\/\/www.aersys.net\/AeroAcademy\/wp-json\/wp\/v2\/media\/1018"}],"wp:attachment":[{"href":"http:\/\/www.aersys.net\/AeroAcademy\/wp-json\/wp\/v2\/media?parent=1130"}],"curies":[{"name":"wp","href":"https:\/\/api.w.org\/{rel}","templated":true}]}}