{"id":1053,"date":"2018-03-07T15:10:27","date_gmt":"2018-03-07T14:10:27","guid":{"rendered":"http:\/\/www.aersys.net\/AeroAcademy\/?post_type=product&#038;p=1053"},"modified":"2018-10-22T18:20:45","modified_gmt":"2018-10-22T16:20:45","slug":"m-x-0-module-decouverte","status":"publish","type":"product","link":"http:\/\/www.aersys.net\/AeroAcademy\/produit\/m-x-0-module-decouverte\/","title":{"rendered":"M.X.0. &#8211; Module \u00ab\u00a0D\u00e9couverte\u00a0\u00bb"},"content":{"rendered":"","protected":false},"excerpt":{"rendered":"<p>Une demi-journ\u00e9e pour appr\u00e9hender le monde de l&rsquo;aviation g\u00e9n\u00e9rale.<\/p>\n<p>Pr\u00e9sentation des avions et des sp\u00e9cificit\u00e9s techniques a\u00e9ronautiques.<\/p>\n<p>Tout ce que vous avez toujours voulu savoir sur ces machines volantes.<\/p>\n","protected":false},"featured_media":1054,"template":"","meta":[],"yoast_head":"<!-- This site is optimized with the Yoast SEO plugin v15.3 - https:\/\/yoast.com\/wordpress\/plugins\/seo\/ -->\n<title>M.X.0. - Module &quot;D\u00e9couverte&quot; - AeroAcademy<\/title>\n<meta name=\"robots\" content=\"index, follow, max-snippet:-1, max-image-preview:large, max-video-preview:-1\" \/>\n<link rel=\"canonical\" href=\"https:\/\/www.aersys.net\/AeroAcademy\/produit\/m-x-0-module-decouverte\/\" \/>\n<meta property=\"og:locale\" content=\"fr_FR\" \/>\n<meta property=\"og:type\" content=\"article\" \/>\n<meta property=\"og:title\" content=\"M.X.0. - Module &quot;D\u00e9couverte&quot; - AeroAcademy\" \/>\n<meta property=\"og:description\" content=\"Une demi-journ\u00e9e pour appr\u00e9hender le monde de l&#039;aviation g\u00e9n\u00e9rale.  Pr\u00e9sentation des avions et des sp\u00e9cificit\u00e9s techniques a\u00e9ronautiques.  Tout ce que vous avez toujours voulu savoir sur ces machines volantes.\" \/>\n<meta property=\"og:url\" content=\"https:\/\/www.aersys.net\/AeroAcademy\/produit\/m-x-0-module-decouverte\/\" \/>\n<meta property=\"og:site_name\" content=\"AeroAcademy\" \/>\n<meta property=\"article:publisher\" content=\"https:\/\/www.facebook.com\/AeroAcademy.fr\/\" \/>\n<meta property=\"article:modified_time\" content=\"2018-10-22T16:20:45+00:00\" \/>\n<meta property=\"og:image\" content=\"http:\/\/www.aersys.net\/AeroAcademy\/wp-content\/uploads\/2018\/03\/d\u00e9couverte-light.png\" \/>\n\t<meta property=\"og:image:width\" content=\"724\" \/>\n\t<meta property=\"og:image:height\" content=\"483\" \/>\n<meta name=\"twitter:card\" content=\"summary_large_image\" \/>\n<meta name=\"twitter:label1\" content=\"\u00c9crit par\">\n\t<meta name=\"twitter:data1\" content=\"AeroAcademy\">\n<script type=\"application\/ld+json\" class=\"yoast-schema-graph\">{\"@context\":\"https:\/\/schema.org\",\"@graph\":[{\"@type\":\"Organization\",\"@id\":\"http:\/\/www.aersys.net\/AeroAcademy\/#organization\",\"name\":\"AeroAcademy\",\"url\":\"http:\/\/www.aersys.net\/AeroAcademy\/\",\"sameAs\":[\"https:\/\/www.facebook.com\/AeroAcademy.fr\/\",\"https:\/\/www.youtube.com\/channel\/UC0guG48OClkRu5csDbEuEGQ\"],\"logo\":{\"@type\":\"ImageObject\",\"@id\":\"http:\/\/www.aersys.net\/AeroAcademy\/#logo\",\"inLanguage\":\"fr-FR\",\"url\":\"http:\/\/www.aersys.net\/AeroAcademy\/wp-content\/uploads\/2017\/10\/FOND-TRANSPARENT.png\",\"width\":2762,\"height\":1205,\"caption\":\"AeroAcademy\"},\"image\":{\"@id\":\"http:\/\/www.aersys.net\/AeroAcademy\/#logo\"}},{\"@type\":\"WebSite\",\"@id\":\"http:\/\/www.aersys.net\/AeroAcademy\/#website\",\"url\":\"http:\/\/www.aersys.net\/AeroAcademy\/\",\"name\":\"AeroAcademy\",\"description\":\"\",\"publisher\":{\"@id\":\"http:\/\/www.aersys.net\/AeroAcademy\/#organization\"},\"potentialAction\":[{\"@type\":\"SearchAction\",\"target\":\"http:\/\/www.aersys.net\/AeroAcademy\/?s={search_term_string}\",\"query-input\":\"required name=search_term_string\"}],\"inLanguage\":\"fr-FR\"},{\"@type\":\"ImageObject\",\"@id\":\"https:\/\/www.aersys.net\/AeroAcademy\/produit\/m-x-0-module-decouverte\/#primaryimage\",\"inLanguage\":\"fr-FR\",\"url\":\"http:\/\/www.aersys.net\/AeroAcademy\/wp-content\/uploads\/2018\/03\/d\\u00e9couverte-light.png\",\"width\":724,\"height\":483,\"caption\":\"module d\\u00e9couverte\"},{\"@type\":\"WebPage\",\"@id\":\"https:\/\/www.aersys.net\/AeroAcademy\/produit\/m-x-0-module-decouverte\/#webpage\",\"url\":\"https:\/\/www.aersys.net\/AeroAcademy\/produit\/m-x-0-module-decouverte\/\",\"name\":\"M.X.0. - Module \\\"D\\u00e9couverte\\\" - AeroAcademy\",\"isPartOf\":{\"@id\":\"http:\/\/www.aersys.net\/AeroAcademy\/#website\"},\"primaryImageOfPage\":{\"@id\":\"https:\/\/www.aersys.net\/AeroAcademy\/produit\/m-x-0-module-decouverte\/#primaryimage\"},\"datePublished\":\"2018-03-07T14:10:27+00:00\",\"dateModified\":\"2018-10-22T16:20:45+00:00\",\"inLanguage\":\"fr-FR\",\"potentialAction\":[{\"@type\":\"ReadAction\",\"target\":[\"https:\/\/www.aersys.net\/AeroAcademy\/produit\/m-x-0-module-decouverte\/\"]}]}]}<\/script>\n<!-- \/ Yoast SEO plugin. -->","_links":{"self":[{"href":"http:\/\/www.aersys.net\/AeroAcademy\/wp-json\/wp\/v2\/product\/1053"}],"collection":[{"href":"http:\/\/www.aersys.net\/AeroAcademy\/wp-json\/wp\/v2\/product"}],"about":[{"href":"http:\/\/www.aersys.net\/AeroAcademy\/wp-json\/wp\/v2\/types\/product"}],"wp:featuredmedia":[{"embeddable":true,"href":"http:\/\/www.aersys.net\/AeroAcademy\/wp-json\/wp\/v2\/media\/1054"}],"wp:attachment":[{"href":"http:\/\/www.aersys.net\/AeroAcademy\/wp-json\/wp\/v2\/media?parent=1053"}],"curies":[{"name":"wp","href":"https:\/\/api.w.org\/{rel}","templated":true}]}}