{"id":968,"date":"2018-03-03T19:01:40","date_gmt":"2018-03-03T18:01:40","guid":{"rendered":"http:\/\/www.aersys.net\/AeroAcademy\/?page_id=968"},"modified":"2019-02-23T08:32:22","modified_gmt":"2019-02-23T07:32:22","slug":"circuits-fluides","status":"publish","type":"page","link":"http:\/\/www.aersys.net\/AeroAcademy\/activites\/cours\/circuits-fluides\/","title":{"rendered":"M.1.2. &#8211; Les Circuits de Fluides"},"content":{"rendered":"[vc_row type=\u00a0\u00bbfull_width_background\u00a0\u00bb full_screen_row_position=\u00a0\u00bbmiddle\u00a0\u00bb bg_image=\u00a0\u00bb943&Prime; bg_position=\u00a0\u00bbcenter center\u00a0\u00bb bg_repeat=\u00a0\u00bbno-repeat\u00a0\u00bb scene_position=\u00a0\u00bbcenter\u00a0\u00bb text_color=\u00a0\u00bbdark\u00a0\u00bb text_align=\u00a0\u00bbleft\u00a0\u00bb top_padding=\u00a0\u00bb8%\u00a0\u00bb color_overlay=\u00a0\u00bb#ffffff\u00a0\u00bb overlay_strength=\u00a0\u00bb0.5&Prime;][vc_column centered_text=\u00a0\u00bbtrue\u00a0\u00bb column_padding=\u00a0\u00bbno-extra-padding\u00a0\u00bb column_padding_position=\u00a0\u00bball\u00a0\u00bb background_color_opacity=\u00a0\u00bb1&Prime; background_hover_color_opacity=\u00a0\u00bb1&Prime; column_shadow=\u00a0\u00bbnone\u00a0\u00bb width=\u00a0\u00bb1\/12&Prime; tablet_text_alignment=\u00a0\u00bbdefault\u00a0\u00bb phone_text_alignment=\u00a0\u00bbdefault\u00a0\u00bb column_border_width=\u00a0\u00bbnone\u00a0\u00bb column_border_style=\u00a0\u00bbsolid\u00a0\u00bb][\/vc_column][vc_column centered_text=\u00a0\u00bbtrue\u00a0\u00bb column_padding=\u00a0\u00bbno-extra-padding\u00a0\u00bb column_padding_position=\u00a0\u00bball\u00a0\u00bb background_color_opacity=\u00a0\u00bb1&Prime; background_hover_color_opacity=\u00a0\u00bb1&Prime; column_shadow=\u00a0\u00bbnone\u00a0\u00bb width=\u00a0\u00bb10\/12&Prime; tablet_text_alignment=\u00a0\u00bbdefault\u00a0\u00bb phone_text_alignment=\u00a0\u00bbdefault\u00a0\u00bb column_border_width=\u00a0\u00bbnone\u00a0\u00bb column_border_style=\u00a0\u00bbsolid\u00a0\u00bb][split_line_heading]\n<h2>M.1.2. &#8211; Les Circuits de Fluides<\/h2>\n[\/split_line_heading][split_line_heading]\n<h3>[M.1. &#8211; Les Bases et Bonnes Pratiques]<\/h3>\n[\/split_line_heading][vc_row_inner column_margin=\u00a0\u00bbdefault\u00a0\u00bb bottom_padding=\u00a0\u00bb80&Prime; text_align=\u00a0\u00bbleft\u00a0\u00bb][vc_column_inner enable_animation=\u00a0\u00bbtrue\u00a0\u00bb animation=\u00a0\u00bbfade-in-from-bottom\u00a0\u00bb column_padding=\u00a0\u00bbno-extra-padding\u00a0\u00bb column_padding_position=\u00a0\u00bball\u00a0\u00bb background_color_opacity=\u00a0\u00bb1&Prime; width=\u00a0\u00bb1\/1&Prime; column_border_width=\u00a0\u00bbnone\u00a0\u00bb column_border_style=\u00a0\u00bbsolid\u00a0\u00bb delay=\u00a0\u00bb450&Prime;][nectar_btn size=\u00a0\u00bblarge\u00a0\u00bb button_style=\u00a0\u00bbregular\u00a0\u00bb button_color_2=\u00a0\u00bbAccent-Color\u00a0\u00bb icon_family=\u00a0\u00bbnone\u00a0\u00bb url=\u00a0\u00bb#details\u00a0\u00bb text=\u00a0\u00bbD\u00e9tails\u00a0\u00bb margin_top=\u00a0\u00bb10&Prime; margin_right=\u00a0\u00bb10&Prime; margin_left=\u00a0\u00bb10&Prime;][\/vc_column_inner][\/vc_row_inner][\/vc_column][vc_column column_padding=\u00a0\u00bbno-extra-padding\u00a0\u00bb column_padding_position=\u00a0\u00bball\u00a0\u00bb background_color_opacity=\u00a0\u00bb1&Prime; background_hover_color_opacity=\u00a0\u00bb1&Prime; column_shadow=\u00a0\u00bbnone\u00a0\u00bb width=\u00a0\u00bb1\/12&Prime; tablet_text_alignment=\u00a0\u00bbdefault\u00a0\u00bb phone_text_alignment=\u00a0\u00bbdefault\u00a0\u00bb column_border_width=\u00a0\u00bbnone\u00a0\u00bb column_border_style=\u00a0\u00bbsolid\u00a0\u00bb][\/vc_column][\/vc_row][vc_row type=\u00a0\u00bbfull_width_background\u00a0\u00bb full_screen_row_position=\u00a0\u00bbmiddle\u00a0\u00bb scene_position=\u00a0\u00bbcenter\u00a0\u00bb text_color=\u00a0\u00bbdark\u00a0\u00bb text_align=\u00a0\u00bbleft\u00a0\u00bb top_padding=\u00a0\u00bb5%\u00a0\u00bb bottom_padding=\u00a0\u00bb5%\u00a0\u00bb id=\u00a0\u00bbdetails\u00a0\u00bb overlay_strength=\u00a0\u00bb0.3&Prime;][vc_column column_padding=\u00a0\u00bbno-extra-padding\u00a0\u00bb column_padding_position=\u00a0\u00bball\u00a0\u00bb background_color_opacity=\u00a0\u00bb1&Prime; background_hover_color_opacity=\u00a0\u00bb1&Prime; column_shadow=\u00a0\u00bbnone\u00a0\u00bb width=\u00a0\u00bb1\/1&Prime; tablet_text_alignment=\u00a0\u00bbdefault\u00a0\u00bb phone_text_alignment=\u00a0\u00bbdefault\u00a0\u00bb column_border_width=\u00a0\u00bbnone\u00a0\u00bb column_border_style=\u00a0\u00bbsolid\u00a0\u00bb][vc_row_inner column_margin=\u00a0\u00bbdefault\u00a0\u00bb text_align=\u00a0\u00bbleft\u00a0\u00bb][vc_column_inner column_padding=\u00a0\u00bbno-extra-padding\u00a0\u00bb column_padding_position=\u00a0\u00bball\u00a0\u00bb centered_text=\u00a0\u00bbtrue\u00a0\u00bb background_color_opacity=\u00a0\u00bb1&Prime; width=\u00a0\u00bb1\/4&Prime; column_border_width=\u00a0\u00bbnone\u00a0\u00bb column_border_style=\u00a0\u00bbsolid\u00a0\u00bb][vc_custom_heading text=\u00a0\u00bbObjectif du cours\u00a0\u00bb font_container=\u00a0\u00bbtag:h3|text_align:center\u00a0\u00bb use_theme_fonts=\u00a0\u00bbyes\u00a0\u00bb][\/vc_column_inner][vc_column_inner column_padding=\u00a0\u00bbno-extra-padding\u00a0\u00bb column_padding_position=\u00a0\u00bball\u00a0\u00bb background_color_opacity=\u00a0\u00bb1&Prime; width=\u00a0\u00bb3\/4&Prime; column_border_width=\u00a0\u00bbnone\u00a0\u00bb column_border_style=\u00a0\u00bbsolid\u00a0\u00bb][vc_column_text]L&rsquo;objectif du cours relatif aux connaissances de base et bonnes pratiques relatif aux circuits de fluides est de fournir au stagiaire les connaissances lui permettant de :<\/p>\n<ol>\n<li>comprendre les caract\u00e9ristiques inh\u00e9rentes \u00e0 chaque type de fluide et l&rsquo;impact sur les mat\u00e9riaux \u00e0 utiliser,<\/li>\n<li>pouvoir choisir les conduites, flexibles adapt\u00e9s \u00e0 l&rsquo;utilisation et au fluide consid\u00e9r\u00e9s,<\/li>\n<li>\u00eatre \u00e0 m\u00eame de r\u00e9aliser des assemblages fiables et p\u00e9rennes pour acheminer les fluides,<\/li>\n<li>avoir une vue d&rsquo;ensemble sur la quincaillerie a\u00e9ronautique et ses sp\u00e9cificit\u00e9s,<\/li>\n<\/ol>\n[\/vc_column_text]<div class=\"divider-wrap\"><div style=\"margin-top: 12px; height: 3px; margin-bottom: 12px;\" data-width=\"100%\" data-animate=\"yes\" data-animation-delay=\"500\" data-color=\"default\" class=\"divider-border\"><\/div><\/div>[\/vc_column_inner][\/vc_row_inner][vc_row_inner column_margin=\u00a0\u00bbdefault\u00a0\u00bb text_align=\u00a0\u00bbleft\u00a0\u00bb][vc_column_inner column_padding=\u00a0\u00bbno-extra-padding\u00a0\u00bb column_padding_position=\u00a0\u00bball\u00a0\u00bb background_color_opacity=\u00a0\u00bb1&Prime; width=\u00a0\u00bb1\/4&Prime; column_border_width=\u00a0\u00bbnone\u00a0\u00bb column_border_style=\u00a0\u00bbsolid\u00a0\u00bb][vc_custom_heading text=\u00a0\u00bbContenu du cours\u00a0\u00bb font_container=\u00a0\u00bbtag:h3|text_align:center\u00a0\u00bb use_theme_fonts=\u00a0\u00bbyes\u00a0\u00bb][\/vc_column_inner][vc_column_inner column_padding=\u00a0\u00bbno-extra-padding\u00a0\u00bb column_padding_position=\u00a0\u00bball\u00a0\u00bb background_color_opacity=\u00a0\u00bb1&Prime; width=\u00a0\u00bb3\/4&Prime; column_border_width=\u00a0\u00bbnone\u00a0\u00bb column_border_style=\u00a0\u00bbsolid\u00a0\u00bb][vc_column_text]Types de fluides \u00e0 acheminer et leurs sp\u00e9cificit\u00e9s :<\/p>\n<ol>\n<li>Circuits carburant,<\/li>\n<li>Circuits hydrauliques de freinage,<\/li>\n<li>Circuits hydraulique d&rsquo;huile,<\/li>\n<li>Circuits d&rsquo;air,<\/li>\n<li>Types de conduites et flexibles \u00e0 utiliser,<\/li>\n<\/ol>\n<p>Les outils n\u00e9cessaires \u00e0 la bonne r\u00e9alisation des travaux.<\/p>\n<p>S\u00e9curisation des circuits et de leur cheminement, contraintes d&rsquo;\u00e9tanch\u00e9it\u00e9.<\/p>\n<p>La quincaillerie usuelle dans le cadre de la maintenance a\u00e9ronautique et ses sp\u00e9cificit\u00e9s.[\/vc_column_text][\/vc_column_inner][\/vc_row_inner]<div class=\"divider-wrap\"><div style=\"margin-top: 12px; height: 3px; margin-bottom: 12px;\" data-width=\"100%\" data-animate=\"yes\" data-animation-delay=\"500\" data-color=\"default\" class=\"divider-border\"><\/div><\/div>[vc_row_inner column_margin=\u00a0\u00bbdefault\u00a0\u00bb text_align=\u00a0\u00bbleft\u00a0\u00bb][vc_column_inner column_padding=\u00a0\u00bbno-extra-padding\u00a0\u00bb column_padding_position=\u00a0\u00bball\u00a0\u00bb centered_text=\u00a0\u00bbtrue\u00a0\u00bb background_color_opacity=\u00a0\u00bb1&Prime; width=\u00a0\u00bb1\/4&Prime; column_border_width=\u00a0\u00bbnone\u00a0\u00bb column_border_style=\u00a0\u00bbsolid\u00a0\u00bb][vc_custom_heading text=\u00a0\u00bbDur\u00e9e\u00a0\u00bb font_container=\u00a0\u00bbtag:h3|text_align:center\u00a0\u00bb use_theme_fonts=\u00a0\u00bbyes\u00a0\u00bb][vc_column_text]1 jour[\/vc_column_text][\/vc_column_inner][vc_column_inner column_padding=\u00a0\u00bbno-extra-padding\u00a0\u00bb column_padding_position=\u00a0\u00bball\u00a0\u00bb background_color_opacity=\u00a0\u00bb1&Prime; width=\u00a0\u00bb1\/4&Prime; column_border_width=\u00a0\u00bbnone\u00a0\u00bb column_border_style=\u00a0\u00bbsolid\u00a0\u00bb][vc_custom_heading text=\u00a0\u00bbPr\u00e9requis\u00a0\u00bb font_container=\u00a0\u00bbtag:h3|text_align:center\u00a0\u00bb use_theme_fonts=\u00a0\u00bbyes\u00a0\u00bb][vc_column_text]Modules :<\/p>\n<ol>\n<li>Conseill\u00e9 : Le Pack M.0. &#8211; La Pr\u00e9paration des Op\u00e9rations,<\/li>\n<li>Vivement conseill\u00e9 : M.0.1. &#8211; Les Facteurs Humains.<\/li>\n<\/ol>\n<p>Connaissances pr\u00e9alables : aucunes[\/vc_column_text][\/vc_column_inner][vc_column_inner column_padding=\u00a0\u00bbno-extra-padding\u00a0\u00bb column_padding_position=\u00a0\u00bball\u00a0\u00bb background_color_opacity=\u00a0\u00bb1&Prime; width=\u00a0\u00bb1\/4&Prime; column_border_width=\u00a0\u00bbnone\u00a0\u00bb column_border_style=\u00a0\u00bbsolid\u00a0\u00bb][vc_custom_heading text=\u00a0\u00bb\u00c9quipement obligatoire\u00a0\u00bb font_container=\u00a0\u00bbtag:h3|text_align:center\u00a0\u00bb use_theme_fonts=\u00a0\u00bbyes\u00a0\u00bb][vc_column_text]\n<ol>\n<li>V\u00eatements de travail (salopette, combinaison de m\u00e9canicien),<\/li>\n<li>Lunettes de protection,<\/li>\n<li>Chaussures de s\u00e9curit\u00e9,<\/li>\n<li>Gants de protection.<\/li>\n<\/ol>\n[\/vc_column_text][\/vc_column_inner][vc_column_inner column_padding=\u00a0\u00bbno-extra-padding\u00a0\u00bb column_padding_position=\u00a0\u00bball\u00a0\u00bb centered_text=\u00a0\u00bbtrue\u00a0\u00bb background_color_opacity=\u00a0\u00bb1&Prime; width=\u00a0\u00bb1\/4&Prime; column_border_width=\u00a0\u00bbnone\u00a0\u00bb column_border_style=\u00a0\u00bbsolid\u00a0\u00bb][vc_custom_heading text=\u00a0\u00bbLieu\u00a0\u00bb font_container=\u00a0\u00bbtag:h3|text_align:center\u00a0\u00bb use_theme_fonts=\u00a0\u00bbyes\u00a0\u00bb][vc_column_text]Tous nos sites (voir page <a href=\"http:\/\/www.aersys.net\/AeroAcademy\/contact\/\" target=\"_blank\" rel=\"noopener noreferrer\">contact<\/a>)[\/vc_column_text][\/vc_column_inner][\/vc_row_inner]<div class=\"divider-wrap\"><div style=\"margin-top: 30px; height: 3px; margin-bottom: 30px;\" data-width=\"100%\" data-animate=\"yes\" data-animation-delay=\"500\" data-color=\"default\" class=\"divider-border\"><\/div><\/div>[vc_row_inner column_margin=\u00a0\u00bbdefault\u00a0\u00bb text_align=\u00a0\u00bbcenter\u00a0\u00bb][vc_column_inner column_padding=\u00a0\u00bbno-extra-padding\u00a0\u00bb column_padding_position=\u00a0\u00bball\u00a0\u00bb centered_text=\u00a0\u00bbtrue\u00a0\u00bb background_color_opacity=\u00a0\u00bb1&Prime; width=\u00a0\u00bb1\/1&Prime; column_border_width=\u00a0\u00bbnone\u00a0\u00bb column_border_style=\u00a0\u00bbsolid\u00a0\u00bb][vc_custom_heading text=\u00a0\u00bbTarif du cours : 185 \u20ac\u00a0\u00bb font_container=\u00a0\u00bbtag:h2|text_align:center\u00a0\u00bb use_theme_fonts=\u00a0\u00bbyes\u00a0\u00bb]<div class=\"divider-wrap\"><div style=\"height: 25px;\" class=\"divider\"><\/div><\/div>[nectar_btn size=\u00a0\u00bbmedium\u00a0\u00bb open_new_tab=\u00a0\u00bbtrue\u00a0\u00bb button_style=\u00a0\u00bbregular\u00a0\u00bb button_color_2=\u00a0\u00bbAccent-Color\u00a0\u00bb icon_family=\u00a0\u00bbnone\u00a0\u00bb url=\u00a0\u00bbhttp:\/\/www.aersys.net\/AeroAcademy\/planning\/\u00a0\u00bb text=\u00a0\u00bbPlanning\u00a0\u00bb]<div class=\"divider-wrap\"><div style=\"height: 25px;\" class=\"divider\"><\/div><\/div>[nectar_btn size=\u00a0\u00bblarge\u00a0\u00bb button_style=\u00a0\u00bbregular\u00a0\u00bb button_color_2=\u00a0\u00bbExtra-Color-3&Prime; icon_family=\u00a0\u00bbnone\u00a0\u00bb text=\u00a0\u00bbInscription\u00a0\u00bb url=\u00a0\u00bb.aersys.net\/AeroAcademy\/?p=965&Prime;][\/vc_column_inner][\/vc_row_inner]<div class=\"divider-wrap\"><div style=\"margin-top: 12px; height: 3px; margin-bottom: 12px;\" data-width=\"100%\" data-animate=\"yes\" data-animation-delay=\"500\" data-color=\"default\" class=\"divider-border\"><\/div><\/div>[\/vc_column][\/vc_row]\n","protected":false},"excerpt":{"rendered":"<p>[vc_row type=\u00a0\u00bbfull_width_background\u00a0\u00bb full_screen_row_position=\u00a0\u00bbmiddle\u00a0\u00bb bg_image=\u00a0\u00bb943&Prime; bg_position=\u00a0\u00bbcenter center\u00a0\u00bb bg_repeat=\u00a0\u00bbno-repeat\u00a0\u00bb scene_position=\u00a0\u00bbcenter\u00a0\u00bb text_color=\u00a0\u00bbdark\u00a0\u00bb text_align=\u00a0\u00bbleft\u00a0\u00bb top_padding=\u00a0\u00bb8%\u00a0\u00bb color_overlay=\u00a0\u00bb#ffffff\u00a0\u00bb overlay_strength=\u00a0\u00bb0.5&Prime;][vc_column centered_text=\u00a0\u00bbtrue\u00a0\u00bb column_padding=\u00a0\u00bbno-extra-padding\u00a0\u00bb column_padding_position=\u00a0\u00bball\u00a0\u00bb background_color_opacity=\u00a0\u00bb1&Prime; background_hover_color_opacity=\u00a0\u00bb1&Prime; column_shadow=\u00a0\u00bbnone\u00a0\u00bb width=\u00a0\u00bb1\/12&Prime; tablet_text_alignment=\u00a0\u00bbdefault\u00a0\u00bb phone_text_alignment=\u00a0\u00bbdefault\u00a0\u00bb column_border_width=\u00a0\u00bbnone\u00a0\u00bb column_border_style=\u00a0\u00bbsolid\u00a0\u00bb][\/vc_column][vc_column centered_text=\u00a0\u00bbtrue\u00a0\u00bb column_padding=\u00a0\u00bbno-extra-padding\u00a0\u00bb column_padding_position=\u00a0\u00bball\u00a0\u00bb background_color_opacity=\u00a0\u00bb1&Prime; background_hover_color_opacity=\u00a0\u00bb1&Prime; column_shadow=\u00a0\u00bbnone\u00a0\u00bb&#8230;<\/p>\n","protected":false},"author":4,"featured_media":0,"parent":693,"menu_order":0,"comment_status":"closed","ping_status":"closed","template":"","meta":[],"yoast_head":"<!-- This site is optimized with the Yoast SEO plugin v15.3 - https:\/\/yoast.com\/wordpress\/plugins\/seo\/ -->\n<title>M.1.2. - Les Circuits de Fluides - AeroAcademy<\/title>\n<meta name=\"robots\" content=\"index, follow, max-snippet:-1, max-image-preview:large, max-video-preview:-1\" \/>\n<link rel=\"canonical\" href=\"http:\/\/www.aersys.net\/AeroAcademy\/activites\/cours\/circuits-fluides\/\" \/>\n<meta property=\"og:locale\" content=\"fr_FR\" \/>\n<meta property=\"og:type\" content=\"article\" \/>\n<meta property=\"og:title\" content=\"M.1.2. - Les Circuits de Fluides - AeroAcademy\" \/>\n<meta property=\"og:description\" content=\"[vc_row type=\u00a0\u00bbfull_width_background\u00a0\u00bb full_screen_row_position=\u00a0\u00bbmiddle\u00a0\u00bb bg_image=\u00a0\u00bb943&Prime; bg_position=\u00a0\u00bbcenter center\u00a0\u00bb bg_repeat=\u00a0\u00bbno-repeat\u00a0\u00bb scene_position=\u00a0\u00bbcenter\u00a0\u00bb text_color=\u00a0\u00bbdark\u00a0\u00bb text_align=\u00a0\u00bbleft\u00a0\u00bb top_padding=\u00a0\u00bb8%\u00a0\u00bb color_overlay=\u00a0\u00bb#ffffff\u00a0\u00bb overlay_strength=\u00a0\u00bb0.5&Prime;][vc_column centered_text=\u00a0\u00bbtrue\u00a0\u00bb column_padding=\u00a0\u00bbno-extra-padding\u00a0\u00bb column_padding_position=\u00a0\u00bball\u00a0\u00bb background_color_opacity=\u00a0\u00bb1&Prime; background_hover_color_opacity=\u00a0\u00bb1&Prime; column_shadow=\u00a0\u00bbnone\u00a0\u00bb width=\u00a0\u00bb1\/12&Prime; tablet_text_alignment=\u00a0\u00bbdefault\u00a0\u00bb phone_text_alignment=\u00a0\u00bbdefault\u00a0\u00bb column_border_width=\u00a0\u00bbnone\u00a0\u00bb column_border_style=\u00a0\u00bbsolid\u00a0\u00bb][\/vc_column][vc_column centered_text=\u00a0\u00bbtrue\u00a0\u00bb column_padding=\u00a0\u00bbno-extra-padding\u00a0\u00bb column_padding_position=\u00a0\u00bball\u00a0\u00bb background_color_opacity=\u00a0\u00bb1&Prime; background_hover_color_opacity=\u00a0\u00bb1&Prime; column_shadow=\u00a0\u00bbnone\u00a0\u00bb...\" \/>\n<meta property=\"og:url\" content=\"http:\/\/www.aersys.net\/AeroAcademy\/activites\/cours\/circuits-fluides\/\" \/>\n<meta property=\"og:site_name\" content=\"AeroAcademy\" \/>\n<meta property=\"article:publisher\" content=\"https:\/\/www.facebook.com\/AeroAcademy.fr\/\" \/>\n<meta property=\"article:modified_time\" content=\"2019-02-23T07:32:22+00:00\" \/>\n<meta property=\"og:image\" content=\"http:\/\/www.aersys.net\/AeroAcademy\/wp-content\/uploads\/2017\/10\/FOND-TRANSPARENT.png\" \/>\n\t<meta property=\"og:image:width\" content=\"2762\" \/>\n\t<meta property=\"og:image:height\" content=\"1205\" \/>\n<meta name=\"twitter:card\" content=\"summary_large_image\" \/>\n<meta name=\"twitter:label1\" content=\"\u00c9crit par\">\n\t<meta name=\"twitter:data1\" content=\"AeroAcademy\">\n\t<meta name=\"twitter:label2\" content=\"Dur\u00e9e de lecture est.\">\n\t<meta name=\"twitter:data2\" content=\"4 minutes\">\n<script type=\"application\/ld+json\" class=\"yoast-schema-graph\">{\"@context\":\"https:\/\/schema.org\",\"@graph\":[{\"@type\":\"Organization\",\"@id\":\"http:\/\/www.aersys.net\/AeroAcademy\/#organization\",\"name\":\"AeroAcademy\",\"url\":\"http:\/\/www.aersys.net\/AeroAcademy\/\",\"sameAs\":[\"https:\/\/www.facebook.com\/AeroAcademy.fr\/\",\"https:\/\/www.youtube.com\/channel\/UC0guG48OClkRu5csDbEuEGQ\"],\"logo\":{\"@type\":\"ImageObject\",\"@id\":\"http:\/\/www.aersys.net\/AeroAcademy\/#logo\",\"inLanguage\":\"fr-FR\",\"url\":\"http:\/\/www.aersys.net\/AeroAcademy\/wp-content\/uploads\/2017\/10\/FOND-TRANSPARENT.png\",\"width\":2762,\"height\":1205,\"caption\":\"AeroAcademy\"},\"image\":{\"@id\":\"http:\/\/www.aersys.net\/AeroAcademy\/#logo\"}},{\"@type\":\"WebSite\",\"@id\":\"http:\/\/www.aersys.net\/AeroAcademy\/#website\",\"url\":\"http:\/\/www.aersys.net\/AeroAcademy\/\",\"name\":\"AeroAcademy\",\"description\":\"\",\"publisher\":{\"@id\":\"http:\/\/www.aersys.net\/AeroAcademy\/#organization\"},\"potentialAction\":[{\"@type\":\"SearchAction\",\"target\":\"http:\/\/www.aersys.net\/AeroAcademy\/?s={search_term_string}\",\"query-input\":\"required name=search_term_string\"}],\"inLanguage\":\"fr-FR\"},{\"@type\":\"WebPage\",\"@id\":\"http:\/\/www.aersys.net\/AeroAcademy\/activites\/cours\/circuits-fluides\/#webpage\",\"url\":\"http:\/\/www.aersys.net\/AeroAcademy\/activites\/cours\/circuits-fluides\/\",\"name\":\"M.1.2. - Les Circuits de Fluides - AeroAcademy\",\"isPartOf\":{\"@id\":\"http:\/\/www.aersys.net\/AeroAcademy\/#website\"},\"datePublished\":\"2018-03-03T18:01:40+00:00\",\"dateModified\":\"2019-02-23T07:32:22+00:00\",\"inLanguage\":\"fr-FR\",\"potentialAction\":[{\"@type\":\"ReadAction\",\"target\":[\"http:\/\/www.aersys.net\/AeroAcademy\/activites\/cours\/circuits-fluides\/\"]}]}]}<\/script>\n<!-- \/ Yoast SEO plugin. -->","_links":{"self":[{"href":"http:\/\/www.aersys.net\/AeroAcademy\/wp-json\/wp\/v2\/pages\/968"}],"collection":[{"href":"http:\/\/www.aersys.net\/AeroAcademy\/wp-json\/wp\/v2\/pages"}],"about":[{"href":"http:\/\/www.aersys.net\/AeroAcademy\/wp-json\/wp\/v2\/types\/page"}],"author":[{"embeddable":true,"href":"http:\/\/www.aersys.net\/AeroAcademy\/wp-json\/wp\/v2\/users\/4"}],"replies":[{"embeddable":true,"href":"http:\/\/www.aersys.net\/AeroAcademy\/wp-json\/wp\/v2\/comments?post=968"}],"version-history":[{"count":7,"href":"http:\/\/www.aersys.net\/AeroAcademy\/wp-json\/wp\/v2\/pages\/968\/revisions"}],"predecessor-version":[{"id":1324,"href":"http:\/\/www.aersys.net\/AeroAcademy\/wp-json\/wp\/v2\/pages\/968\/revisions\/1324"}],"up":[{"embeddable":true,"href":"http:\/\/www.aersys.net\/AeroAcademy\/wp-json\/wp\/v2\/pages\/693"}],"wp:attachment":[{"href":"http:\/\/www.aersys.net\/AeroAcademy\/wp-json\/wp\/v2\/media?parent=968"}],"curies":[{"name":"wp","href":"https:\/\/api.w.org\/{rel}","templated":true}]}}