{"id":285,"date":"2017-10-26T16:20:33","date_gmt":"2017-10-26T14:20:33","guid":{"rendered":"http:\/\/www.aersys.net\/AeroAcademy\/?page_id=285"},"modified":"2020-11-07T11:24:37","modified_gmt":"2020-11-07T10:24:37","slug":"contact","status":"publish","type":"page","link":"http:\/\/www.aersys.net\/AeroAcademy\/contact\/","title":{"rendered":"Contact"},"content":{"rendered":"[vc_row type=\u00a0\u00bbfull_width_content\u00a0\u00bb full_screen_row_position=\u00a0\u00bbmiddle\u00a0\u00bb equal_height=\u00a0\u00bbyes\u00a0\u00bb content_placement=\u00a0\u00bbmiddle\u00a0\u00bb bg_color=\u00a0\u00bb#ffffff\u00a0\u00bb scene_position=\u00a0\u00bbcenter\u00a0\u00bb text_color=\u00a0\u00bbdark\u00a0\u00bb text_align=\u00a0\u00bbleft\u00a0\u00bb overlay_strength=\u00a0\u00bb0.3&Prime;][vc_column column_padding=\u00a0\u00bbno-extra-padding\u00a0\u00bb column_padding_position=\u00a0\u00bball\u00a0\u00bb background_color_opacity=\u00a0\u00bb1&Prime; background_hover_color_opacity=\u00a0\u00bb1&Prime; column_shadow=\u00a0\u00bbnone\u00a0\u00bb width=\u00a0\u00bb1\/2&Prime; tablet_text_alignment=\u00a0\u00bbdefault\u00a0\u00bb phone_text_alignment=\u00a0\u00bbdefault\u00a0\u00bb column_border_width=\u00a0\u00bbnone\u00a0\u00bb column_border_style=\u00a0\u00bbsolid\u00a0\u00bb][nectar_gmap zoom=\u00a0\u00bb9&Prime; enable_zoom=\u00a0\u00bb1&Prime; marker_style=\u00a0\u00bbdefault\u00a0\u00bb marker_image=\u00a0\u00bb555&Prime; marker_animation=\u00a0\u00bb1&Prime; map_greyscale=\u00a0\u00bb1&Prime; map_color=\u00a0\u00bb#002332&Prime; size=\u00a0\u00bb600&Prime; map_markers=\u00a0\u00bb43.449842|1.262681|A\u00e9rodrome de Muret-Lherm (LFBR), Route de l&rsquo;Aviation, 31600 MURET<br \/>\n43.909749|0.385376|A\u00e9rodrome de Condom-Valence sur Ba\u00efse (LFID), Le Herret, 32100 CONDOM<br \/>\n43.766394|-0.032723|A\u00e9rodrome de Nogaro (LFCN), Avenue de Daniate, 32110 NOGARO<br \/>\n43.379930|-0.409497|A\u00e9roport de Pau (LFBP), Rue Saint Exup\u00e9ry, 64230 SAUVAGNON\u00a0\u00bb map_center_lat=\u00a0\u00bb43.50&Prime; map_center_lng=\u00a0\u00bb0.50&Prime;][\/vc_column][vc_column column_padding=\u00a0\u00bbpadding-3-percent\u00a0\u00bb column_padding_position=\u00a0\u00bball\u00a0\u00bb background_color_opacity=\u00a0\u00bb1&Prime; background_hover_color_opacity=\u00a0\u00bb1&Prime; column_shadow=\u00a0\u00bbnone\u00a0\u00bb width=\u00a0\u00bb1\/2&Prime; tablet_text_alignment=\u00a0\u00bbdefault\u00a0\u00bb phone_text_alignment=\u00a0\u00bbdefault\u00a0\u00bb column_border_width=\u00a0\u00bbnone\u00a0\u00bb column_border_style=\u00a0\u00bbsolid\u00a0\u00bb][vc_column_text css_animation=\u00a0\u00bbfadeIn\u00a0\u00bb]\n<h2 style=\"text-align: center;\">Contact<\/h2>\n<h3 style=\"text-align: center;\"><strong>AeroAcademy<\/strong><\/h3>\n<p style=\"text-align: center;\"><a href=\"mailto:contact@aero-academy.net\" target=\"_blank\" rel=\"noopener noreferrer\">contact@aero-academy.net<\/a><br \/>\n+33 (0)5 82 95 84 01<br \/>\n+33 (0)78 250 30 30<\/p>\n<p style=\"text-align: left;\"><em>Nous sommes joignables <\/em><em>par t\u00e9l\u00e9phone du lundi au samedi, de 8 heures \u00e0 18 heures.<\/em><br \/>\n<em>N&rsquo;h\u00e9sitez pas \u00e0 nous laisser un message au moyen du formulaire de contact plus bas.<\/em><\/p>\n<h4>Muret<\/h4>\n<p>A\u00e9rodrome de Muret-Lherm (LFBR)<br \/>\nRoute de l&rsquo;Aviation<br \/>\n31 600 MURET<\/p>\n<h4>Condom<\/h4>\n<p>A\u00e9rodrome de Condom-Valence sur Ba\u00efse (LFID)<br \/>\nLe Herret<br \/>\n32 100 CONDOM<\/p>\n<h4>Nogaro<\/h4>\n<p>Aerodrome de Nogaro (LFCN)<br \/>\nAvenue de Daniate<br \/>\n32 110 NOGARO<\/p>\n<h4>Pau<\/h4>\n<p>A\u00e9roport de Pau-Pyr\u00e9n\u00e9es (LFBP)<br \/>\nRue Saint Exup\u00e9ry<br \/>\n64230 SAUVAGNON[\/vc_column_text]<div class=\"divider-wrap\"><div style=\"height: 20px;\" class=\"divider\"><\/div><\/div><div class=\"ult-modal-input-wrapper ult-adjust-bottom-margin\"><button style=\"background:#ffc107;border-color:#ffc107;color:#ffffff;\" data-class-id=\"content-69f2b9d32b53d\" class=\"btn-modal btn-primary btn-modal-lg overlay-show ult-align-center\" data-overlay-class=\"overlay-slidedown\">Formulaire de Contact<\/button><\/div>\n<div class=\"ult-overlay content-69f2b9d32b53d \" data-class=\"content-69f2b9d32b53d\" id=\"button-click-overlay\" style=\"background:rgba(0,35,50,0.8); display:none;\">\n\t<div class=\"ult_modal ult-fade ult-small\">\n\t\t<div class=\"ult_modal-content\" style=\"\">\n\t\t\t<div class=\"ult_modal-body ult-html\" style=\"color:#000000;\">\n\t\t\t<div role=\"form\" class=\"wpcf7\" id=\"wpcf7-f1392-o1\" lang=\"fr-FR\" dir=\"ltr\">\n<div class=\"screen-reader-response\"><p role=\"status\" aria-live=\"polite\" aria-atomic=\"true\"><\/p> <ul><\/ul><\/div>\n<form action=\"\/AeroAcademy\/wp-json\/wp\/v2\/pages\/285#wpcf7-f1392-o1\" method=\"post\" class=\"wpcf7-form init\" novalidate=\"novalidate\" data-status=\"init\">\n<div style=\"display: none;\">\n<input type=\"hidden\" name=\"_wpcf7\" value=\"1392\" \/>\n<input type=\"hidden\" name=\"_wpcf7_version\" value=\"5.3\" \/>\n<input type=\"hidden\" name=\"_wpcf7_locale\" value=\"fr_FR\" \/>\n<input type=\"hidden\" name=\"_wpcf7_unit_tag\" value=\"wpcf7-f1392-o1\" \/>\n<input type=\"hidden\" name=\"_wpcf7_container_post\" value=\"0\" \/>\n<input type=\"hidden\" name=\"_wpcf7_posted_data_hash\" value=\"\" \/>\n<\/div>\n<div class=\"formulairedecontact\">\n<div class=\"col span_4\">\n<p><span class=\"wpcf7-form-control-wrap Prenom\"><input type=\"text\" name=\"Prenom\" value=\"\" size=\"40\" class=\"wpcf7-form-control wpcf7-text wpcf7-validates-as-required\" aria-required=\"true\" aria-invalid=\"false\" placeholder=\"Pr\u00e9nom\" \/><\/span><\/p>\n<\/div>\n<div class=\"col span_4\">\n<p><span class=\"wpcf7-form-control-wrap Nom\"><input type=\"text\" name=\"Nom\" value=\"\" size=\"40\" class=\"wpcf7-form-control wpcf7-text wpcf7-validates-as-required\" aria-required=\"true\" aria-invalid=\"false\" placeholder=\"Nom\" \/><\/span><\/p>\n<\/div>\n<div class=\"col span_4 col_last\">\n<p><span class=\"wpcf7-form-control-wrap email\"><input type=\"email\" name=\"email\" value=\"\" size=\"40\" class=\"wpcf7-form-control wpcf7-text wpcf7-email wpcf7-validates-as-required wpcf7-validates-as-email\" aria-required=\"true\" aria-invalid=\"false\" placeholder=\"E-mail\" \/><\/span><\/p>\n<\/div>\n<p><br><\/p>\n<div style=\"height: 20px;\"class=\"divider\"><\/div>\n<div class=\"col span_4 \">\n<p><span class=\"wpcf7-form-control-wrap telephone\"><input type=\"tel\" name=\"telephone\" value=\"\" size=\"40\" class=\"wpcf7-form-control wpcf7-text wpcf7-tel wpcf7-validates-as-tel\" aria-invalid=\"false\" placeholder=\"T\u00e9l\u00e9phone\" \/><\/span><\/p>\n<\/div>\n<div class=\"col span_4\">\n<p><span class=\"wpcf7-form-control-wrap Code_Postal\"><input type=\"text\" name=\"Code_Postal\" value=\"\" size=\"40\" class=\"wpcf7-form-control wpcf7-text wpcf7-validates-as-required\" aria-required=\"true\" aria-invalid=\"false\" placeholder=\"Code postal\" \/><\/span><\/p>\n<\/div>\n<div class=\"col span_4 col_last\">\n<p><span class=\"wpcf7-form-control-wrap ville\"><input type=\"text\" name=\"ville\" value=\"\" size=\"40\" class=\"wpcf7-form-control wpcf7-text wpcf7-validates-as-required\" aria-required=\"true\" aria-invalid=\"false\" placeholder=\"Ville\" \/><\/span><\/p>\n<\/div>\n<div style=\"height:100px;\" class=\"divider\"><\/div>\n<p><span class=\"wpcf7-form-control-wrap objet\"><input type=\"text\" name=\"objet\" value=\"\" size=\"40\" class=\"wpcf7-form-control wpcf7-text wpcf7-validates-as-required\" aria-required=\"true\" aria-invalid=\"false\" placeholder=\"Objet du message\" \/><\/span><\/p>\n<p><span class=\"wpcf7-form-control-wrap message\"><textarea name=\"message\" cols=\"40\" rows=\"10\" class=\"wpcf7-form-control wpcf7-textarea wpcf7-validates-as-required\" aria-required=\"true\" aria-invalid=\"false\" placeholder=\"Message\"><\/textarea><\/span><\/p>\n<p><input type=\"submit\" value=\"Envoyer\" class=\"wpcf7-form-control wpcf7-submit\" \/><\/p><\/div>\n<div class=\"wpcf7-response-output\" aria-hidden=\"true\"><\/div><\/form><\/div>\n\t\t\t<\/div>\n\t<\/div>\n\t<\/div>\n\t<div class=\"ult-overlay-close\">Close<\/div>\n<\/div>[\/vc_column][\/vc_row]\n","protected":false},"excerpt":{"rendered":"<p>[vc_row type=\u00a0\u00bbfull_width_content\u00a0\u00bb full_screen_row_position=\u00a0\u00bbmiddle\u00a0\u00bb equal_height=\u00a0\u00bbyes\u00a0\u00bb content_placement=\u00a0\u00bbmiddle\u00a0\u00bb bg_color=\u00a0\u00bb#ffffff\u00a0\u00bb scene_position=\u00a0\u00bbcenter\u00a0\u00bb text_color=\u00a0\u00bbdark\u00a0\u00bb text_align=\u00a0\u00bbleft\u00a0\u00bb overlay_strength=\u00a0\u00bb0.3&Prime;][vc_column column_padding=\u00a0\u00bbno-extra-padding\u00a0\u00bb column_padding_position=\u00a0\u00bball\u00a0\u00bb background_color_opacity=\u00a0\u00bb1&Prime; background_hover_color_opacity=\u00a0\u00bb1&Prime; column_shadow=\u00a0\u00bbnone\u00a0\u00bb width=\u00a0\u00bb1\/2&Prime; tablet_text_alignment=\u00a0\u00bbdefault\u00a0\u00bb phone_text_alignment=\u00a0\u00bbdefault\u00a0\u00bb column_border_width=\u00a0\u00bbnone\u00a0\u00bb column_border_style=\u00a0\u00bbsolid\u00a0\u00bb][nectar_gmap zoom=\u00a0\u00bb9&Prime; enable_zoom=\u00a0\u00bb1&Prime; marker_style=\u00a0\u00bbdefault\u00a0\u00bb marker_image=\u00a0\u00bb555&Prime; marker_animation=\u00a0\u00bb1&Prime; map_greyscale=\u00a0\u00bb1&Prime; map_color=\u00a0\u00bb#002332&Prime; size=\u00a0\u00bb600&Prime; map_markers=\u00a0\u00bb43.449842|1.262681|A\u00e9rodrome de&#8230;<\/p>\n","protected":false},"author":1,"featured_media":0,"parent":0,"menu_order":0,"comment_status":"closed","ping_status":"closed","template":"","meta":[],"yoast_head":"<!-- This site is optimized with the Yoast SEO plugin v15.3 - https:\/\/yoast.com\/wordpress\/plugins\/seo\/ -->\n<title>Contact - AeroAcademy<\/title>\n<meta name=\"robots\" content=\"index, follow, max-snippet:-1, max-image-preview:large, max-video-preview:-1\" \/>\n<link rel=\"canonical\" href=\"http:\/\/www.aersys.net\/AeroAcademy\/contact\/\" \/>\n<meta property=\"og:locale\" content=\"fr_FR\" \/>\n<meta property=\"og:type\" content=\"article\" \/>\n<meta property=\"og:title\" content=\"Contact - AeroAcademy\" \/>\n<meta property=\"og:description\" content=\"[vc_row type=\u00a0\u00bbfull_width_content\u00a0\u00bb full_screen_row_position=\u00a0\u00bbmiddle\u00a0\u00bb equal_height=\u00a0\u00bbyes\u00a0\u00bb content_placement=\u00a0\u00bbmiddle\u00a0\u00bb bg_color=\u00a0\u00bb#ffffff\u00a0\u00bb scene_position=\u00a0\u00bbcenter\u00a0\u00bb text_color=\u00a0\u00bbdark\u00a0\u00bb text_align=\u00a0\u00bbleft\u00a0\u00bb overlay_strength=\u00a0\u00bb0.3&Prime;][vc_column column_padding=\u00a0\u00bbno-extra-padding\u00a0\u00bb column_padding_position=\u00a0\u00bball\u00a0\u00bb background_color_opacity=\u00a0\u00bb1&Prime; background_hover_color_opacity=\u00a0\u00bb1&Prime; column_shadow=\u00a0\u00bbnone\u00a0\u00bb width=\u00a0\u00bb1\/2&Prime; tablet_text_alignment=\u00a0\u00bbdefault\u00a0\u00bb phone_text_alignment=\u00a0\u00bbdefault\u00a0\u00bb column_border_width=\u00a0\u00bbnone\u00a0\u00bb column_border_style=\u00a0\u00bbsolid\u00a0\u00bb][nectar_gmap zoom=\u00a0\u00bb9&Prime; enable_zoom=\u00a0\u00bb1&Prime; marker_style=\u00a0\u00bbdefault\u00a0\u00bb marker_image=\u00a0\u00bb555&Prime; marker_animation=\u00a0\u00bb1&Prime; map_greyscale=\u00a0\u00bb1&Prime; map_color=\u00a0\u00bb#002332&Prime; size=\u00a0\u00bb600&Prime; map_markers=\u00a0\u00bb43.449842|1.262681|A\u00e9rodrome de...\" \/>\n<meta property=\"og:url\" content=\"http:\/\/www.aersys.net\/AeroAcademy\/contact\/\" \/>\n<meta property=\"og:site_name\" content=\"AeroAcademy\" \/>\n<meta property=\"article:publisher\" content=\"https:\/\/www.facebook.com\/AeroAcademy.fr\/\" \/>\n<meta property=\"article:modified_time\" content=\"2020-11-07T10:24:37+00:00\" \/>\n<meta property=\"og:image\" content=\"http:\/\/www.aersys.net\/AeroAcademy\/wp-content\/uploads\/2017\/10\/FOND-TRANSPARENT.png\" \/>\n\t<meta property=\"og:image:width\" content=\"2762\" \/>\n\t<meta property=\"og:image:height\" content=\"1205\" \/>\n<meta name=\"twitter:card\" content=\"summary_large_image\" \/>\n<meta name=\"twitter:label1\" content=\"\u00c9crit par\">\n\t<meta name=\"twitter:data1\" content=\"Egooroocrea\">\n\t<meta name=\"twitter:label2\" content=\"Dur\u00e9e de lecture est.\">\n\t<meta name=\"twitter:data2\" content=\"1 minute\">\n<script type=\"application\/ld+json\" class=\"yoast-schema-graph\">{\"@context\":\"https:\/\/schema.org\",\"@graph\":[{\"@type\":\"Organization\",\"@id\":\"http:\/\/www.aersys.net\/AeroAcademy\/#organization\",\"name\":\"AeroAcademy\",\"url\":\"http:\/\/www.aersys.net\/AeroAcademy\/\",\"sameAs\":[\"https:\/\/www.facebook.com\/AeroAcademy.fr\/\",\"https:\/\/www.youtube.com\/channel\/UC0guG48OClkRu5csDbEuEGQ\"],\"logo\":{\"@type\":\"ImageObject\",\"@id\":\"http:\/\/www.aersys.net\/AeroAcademy\/#logo\",\"inLanguage\":\"fr-FR\",\"url\":\"http:\/\/www.aersys.net\/AeroAcademy\/wp-content\/uploads\/2017\/10\/FOND-TRANSPARENT.png\",\"width\":2762,\"height\":1205,\"caption\":\"AeroAcademy\"},\"image\":{\"@id\":\"http:\/\/www.aersys.net\/AeroAcademy\/#logo\"}},{\"@type\":\"WebSite\",\"@id\":\"http:\/\/www.aersys.net\/AeroAcademy\/#website\",\"url\":\"http:\/\/www.aersys.net\/AeroAcademy\/\",\"name\":\"AeroAcademy\",\"description\":\"\",\"publisher\":{\"@id\":\"http:\/\/www.aersys.net\/AeroAcademy\/#organization\"},\"potentialAction\":[{\"@type\":\"SearchAction\",\"target\":\"http:\/\/www.aersys.net\/AeroAcademy\/?s={search_term_string}\",\"query-input\":\"required name=search_term_string\"}],\"inLanguage\":\"fr-FR\"},{\"@type\":\"WebPage\",\"@id\":\"http:\/\/www.aersys.net\/AeroAcademy\/contact\/#webpage\",\"url\":\"http:\/\/www.aersys.net\/AeroAcademy\/contact\/\",\"name\":\"Contact - AeroAcademy\",\"isPartOf\":{\"@id\":\"http:\/\/www.aersys.net\/AeroAcademy\/#website\"},\"datePublished\":\"2017-10-26T14:20:33+00:00\",\"dateModified\":\"2020-11-07T10:24:37+00:00\",\"inLanguage\":\"fr-FR\",\"potentialAction\":[{\"@type\":\"ReadAction\",\"target\":[\"http:\/\/www.aersys.net\/AeroAcademy\/contact\/\"]}]}]}<\/script>\n<!-- \/ Yoast SEO plugin. -->","_links":{"self":[{"href":"http:\/\/www.aersys.net\/AeroAcademy\/wp-json\/wp\/v2\/pages\/285"}],"collection":[{"href":"http:\/\/www.aersys.net\/AeroAcademy\/wp-json\/wp\/v2\/pages"}],"about":[{"href":"http:\/\/www.aersys.net\/AeroAcademy\/wp-json\/wp\/v2\/types\/page"}],"author":[{"embeddable":true,"href":"http:\/\/www.aersys.net\/AeroAcademy\/wp-json\/wp\/v2\/users\/1"}],"replies":[{"embeddable":true,"href":"http:\/\/www.aersys.net\/AeroAcademy\/wp-json\/wp\/v2\/comments?post=285"}],"version-history":[{"count":82,"href":"http:\/\/www.aersys.net\/AeroAcademy\/wp-json\/wp\/v2\/pages\/285\/revisions"}],"predecessor-version":[{"id":1393,"href":"http:\/\/www.aersys.net\/AeroAcademy\/wp-json\/wp\/v2\/pages\/285\/revisions\/1393"}],"wp:attachment":[{"href":"http:\/\/www.aersys.net\/AeroAcademy\/wp-json\/wp\/v2\/media?parent=285"}],"curies":[{"name":"wp","href":"https:\/\/api.w.org\/{rel}","templated":true}]}}