{"id":1151,"date":"2018-03-17T18:55:27","date_gmt":"2018-03-17T17:55:27","guid":{"rendered":"http:\/\/www.aersys.net\/AeroAcademy\/?page_id=1151"},"modified":"2018-11-10T13:45:11","modified_gmt":"2018-11-10T12:45:11","slug":"liens-utiles","status":"publish","type":"page","link":"http:\/\/www.aersys.net\/AeroAcademy\/liens-utiles\/","title":{"rendered":"Liens Utiles"},"content":{"rendered":"[vc_row type=\u00a0\u00bbfull_width_background\u00a0\u00bb full_screen_row_position=\u00a0\u00bbmiddle\u00a0\u00bb equal_height=\u00a0\u00bbyes\u00a0\u00bb content_placement=\u00a0\u00bbtop\u00a0\u00bb full_height=\u00a0\u00bbyes\u00a0\u00bb columns_placement=\u00a0\u00bbtop\u00a0\u00bb bg_color=\u00a0\u00bb#f2f2f2&Prime; scene_position=\u00a0\u00bbcenter\u00a0\u00bb text_color=\u00a0\u00bbdark\u00a0\u00bb text_align=\u00a0\u00bbleft\u00a0\u00bb top_padding=\u00a0\u00bb3%\u00a0\u00bb overlay_strength=\u00a0\u00bb0.3&Prime;][vc_column column_padding=\u00a0\u00bbpadding-3-percent\u00a0\u00bb column_padding_position=\u00a0\u00bball\u00a0\u00bb background_color_opacity=\u00a0\u00bb1&Prime; background_hover_color_opacity=\u00a0\u00bb1&Prime; top_margin=\u00a0\u00bb0&Prime; column_shadow=\u00a0\u00bbnone\u00a0\u00bb width=\u00a0\u00bb1\/3&Prime; tablet_text_alignment=\u00a0\u00bbdefault\u00a0\u00bb phone_text_alignment=\u00a0\u00bbdefault\u00a0\u00bb column_border_width=\u00a0\u00bbnone\u00a0\u00bb column_border_style=\u00a0\u00bbsolid\u00a0\u00bb]<div class=\"toggles \" data-style=\"minimal\"><div class=\"toggle extra-color-3\"><h3><a href=\"#\"><i class=\"icon-plus-sign\"><\/i>Liens vers l'Autorit\u00e9<\/a><\/h3><div>[vc_column_text]\n<ul>\n<li>europ\u00e9enne, l&rsquo;<a href=\"http:\/\/www.easa.eu\" target=\"_blank\" rel=\"noopener\"><span style=\"color: #0000ff;\">EASA<\/span><\/a>,<\/li>\n<li>fran\u00e7aise, la <a href=\"http:\/\/www.dgac.fr\" target=\"_blank\" rel=\"noopener\"><span style=\"color: #0000ff;\">DGAC<\/span><\/a>,<\/li>\n<li>fran\u00e7aise, d\u00e9l\u00e9gataire du suivi de navigabilit\u00e9, l&rsquo;<a href=\"http:\/\/www.osac.aero\" target=\"_blank\" rel=\"noopener\"><span style=\"color: #0000ff;\">OSAC,<\/span><\/a><\/li>\n<li>am\u00e9ricaine, la <a href=\"http:\/\/www.faa.gov\" target=\"_blank\" rel=\"noopener\"><span style=\"color: #0000ff;\">FAA<\/span><\/a>,<\/li>\n<\/ul>\n[\/vc_column_text]<\/div><\/div><\/div><div class=\"toggles \" data-style=\"minimal\"><div class=\"toggle extra-color-3\"><h3><a href=\"#\"><i class=\"icon-plus-sign\"><\/i>Les ateliers pour vous accompagner<\/a><\/h3><div>[vc_column_text]\n<ul>\n<li><span style=\"color: #0000ff;\"><a style=\"color: #0000ff;\" href=\"http:\/\/mraviation.fr\/\" target=\"_blank\" rel=\"noopener\">M.R. Aviation<\/a><\/span>, un atelier moteur et accessoires moteur \u00e0 Montpellier Candillargues,<\/li>\n<li><a href=\"http:\/\/airprojet.fr\/\" target=\"_blank\" rel=\"noopener\"><span style=\"color: #0000ff;\">AIR PROJET Engineering<\/span><\/a>, un atelier pour la maintenance et les modifications a\u00e9ronef \u00e0 Dijon-Darois,<\/li>\n<li><span style=\"color: #0000ff;\"><a style=\"color: #0000ff;\" href=\"http:\/\/www.aeraudit.com\/\" target=\"_blank\" rel=\"noopener\">Aeraudit<\/a><\/span>, un atelier Part MF\/MG+I \u00e0 Toulouse, Muret, Cahors,<\/li>\n<\/ul>\n[\/vc_column_text]<\/div><\/div><\/div>[\/vc_column][vc_column column_padding=\u00a0\u00bbpadding-3-percent\u00a0\u00bb column_padding_position=\u00a0\u00bball\u00a0\u00bb background_color_opacity=\u00a0\u00bb1&Prime; background_hover_color_opacity=\u00a0\u00bb1&Prime; column_shadow=\u00a0\u00bbnone\u00a0\u00bb width=\u00a0\u00bb1\/3&Prime; tablet_text_alignment=\u00a0\u00bbdefault\u00a0\u00bb phone_text_alignment=\u00a0\u00bbdefault\u00a0\u00bb column_border_width=\u00a0\u00bbnone\u00a0\u00bb column_border_style=\u00a0\u00bbsolid\u00a0\u00bb]<div class=\"toggles \" data-style=\"minimal\"><div class=\"toggle extra-color-3\"><h3><a href=\"#\"><i class=\"icon-plus-sign\"><\/i>Fournisseurs a\u00e9ronautiques<\/a><\/h3><div>[vc_column_text]\n<ul>\n<li>l&rsquo;incontournable <a href=\"http:\/\/www.aircraftspruce.com\" target=\"_blank\" rel=\"noopener\"><span style=\"color: #0000ff;\">AircraftSpruce<\/span> <\/a>(USA),<\/li>\n<li>le m\u00eame <span style=\"color: #0000ff;\"><a style=\"color: #0000ff;\" href=\"http:\/\/www.aircraftspruce.eu\" target=\"_blank\" rel=\"noopener\">AircraftSpruce <\/a><\/span>, version europ\u00e9enne, pas plus rapide, mais avec frais de douane et TVA int\u00e9gr\u00e9s,<\/li>\n<li><a href=\"http:\/\/www.ulmtechnologie.com\" target=\"_blank\" rel=\"noopener\"><span style=\"color: #0000ff;\">ULM Technologies<\/span><\/a>, dans les Territoires du Nord,<\/li>\n<\/ul>\n[\/vc_column_text]<\/div><\/div><\/div><div class=\"toggles \" data-style=\"minimal\"><div class=\"toggle extra-color-3\"><h3><a href=\"#\"><i class=\"icon-plus-sign\"><\/i>Les Forums<\/a><\/h3><div>[vc_column_text]\n<ul>\n<li>le forum des <span style=\"color: #0000ff;\"><a style=\"color: #0000ff;\" href=\"http:\/\/avions-piel.com\/\" target=\"_blank\" rel=\"noopener\">pierres pr\u00e9cieuses<\/a><\/span>,<\/li>\n<li>le forum des <a href=\"http:\/\/www.pilotes-prives.fr\" target=\"_blank\" rel=\"noopener\"><span style=\"color: #0000ff;\">pilotes priv\u00e9s<\/span><\/a>,<\/li>\n<\/ul>\n[\/vc_column_text]<\/div><\/div><\/div>[\/vc_column][vc_column column_padding=\u00a0\u00bbpadding-3-percent\u00a0\u00bb column_padding_position=\u00a0\u00bball\u00a0\u00bb background_color_opacity=\u00a0\u00bb1&Prime; background_hover_color_opacity=\u00a0\u00bb1&Prime; column_shadow=\u00a0\u00bbnone\u00a0\u00bb width=\u00a0\u00bb1\/3&Prime; tablet_text_alignment=\u00a0\u00bbdefault\u00a0\u00bb phone_text_alignment=\u00a0\u00bbdefault\u00a0\u00bb column_border_width=\u00a0\u00bbnone\u00a0\u00bb column_border_style=\u00a0\u00bbsolid\u00a0\u00bb]<div class=\"toggles \" data-style=\"minimal\"><div class=\"toggle extra-color-3\"><h3><a href=\"#\"><i class=\"icon-plus-sign\"><\/i>Les Loisirs<\/a><\/h3><div>[vc_column_text]\n<ul>\n<li>un\u00a0 <a href=\"http:\/\/www.parachutismeoccitan.com\" target=\"_blank\" rel=\"noopener\"><span style=\"color: #0000ff;\">bapt\u00eame en parachute en tandem<\/span><\/a> \u00e0 Toulouse,<\/li>\n<li>ou un <span style=\"color: #0000ff;\"><a style=\"color: #0000ff;\" href=\"https:\/\/www.midipyreneesvoltige.net\/bapt%C3%AAme-voltige\/\" target=\"_blank\" rel=\"noopener\">bapt\u00eame voltige <\/a><\/span>en Occitanie,<\/li>\n<\/ul>\n[\/vc_column_text]<\/div><\/div><\/div><div class=\"toggles \" data-style=\"minimal\"><div class=\"toggle extra-color-3\"><h3><a href=\"#\"><i class=\"icon-plus-sign\"><\/i>Les Petites Annonces<\/a><\/h3><div>[vc_column_text]<a href=\"https:\/\/www.air-contact.com\/\" target=\"_blank\" rel=\"noopener\">AIR contact<\/a>, des annonces pour tous les domaines a\u00e9ro,<\/p>\n[\/vc_column_text]<\/div><\/div><div class=\"toggle extra-color-3\"><h3><a href=\"#\"><i class=\"icon-plus-sign\"><\/i>Liens divers<\/a><\/h3><div>[vc_column_text]\n<ul>\n<li>un annuaire a\u00e9ronautique complet, <a href=\"http:\/\/www.choosepictures.fr\" target=\"_blank\" rel=\"noopener\"><span style=\"color: #0000ff;\">ChoosePictures<\/span><\/a>,<\/li>\n<\/ul>\n[\/vc_column_text]<\/div><\/div><\/div>[\/vc_column][\/vc_row]\n","protected":false},"excerpt":{"rendered":"<p>[vc_row type=\u00a0\u00bbfull_width_background\u00a0\u00bb full_screen_row_position=\u00a0\u00bbmiddle\u00a0\u00bb equal_height=\u00a0\u00bbyes\u00a0\u00bb content_placement=\u00a0\u00bbtop\u00a0\u00bb full_height=\u00a0\u00bbyes\u00a0\u00bb columns_placement=\u00a0\u00bbtop\u00a0\u00bb bg_color=\u00a0\u00bb#f2f2f2&Prime; scene_position=\u00a0\u00bbcenter\u00a0\u00bb text_color=\u00a0\u00bbdark\u00a0\u00bb text_align=\u00a0\u00bbleft\u00a0\u00bb top_padding=\u00a0\u00bb3%\u00a0\u00bb overlay_strength=\u00a0\u00bb0.3&Prime;][vc_column column_padding=\u00a0\u00bbpadding-3-percent\u00a0\u00bb column_padding_position=\u00a0\u00bball\u00a0\u00bb background_color_opacity=\u00a0\u00bb1&Prime; background_hover_color_opacity=\u00a0\u00bb1&Prime; top_margin=\u00a0\u00bb0&Prime; column_shadow=\u00a0\u00bbnone\u00a0\u00bb width=\u00a0\u00bb1\/3&Prime; tablet_text_alignment=\u00a0\u00bbdefault\u00a0\u00bb phone_text_alignment=\u00a0\u00bbdefault\u00a0\u00bb column_border_width=\u00a0\u00bbnone\u00a0\u00bb column_border_style=\u00a0\u00bbsolid\u00a0\u00bb][\/vc_column][vc_column column_padding=\u00a0\u00bbpadding-3-percent\u00a0\u00bb column_padding_position=\u00a0\u00bball\u00a0\u00bb background_color_opacity=\u00a0\u00bb1&Prime; background_hover_color_opacity=\u00a0\u00bb1&Prime; column_shadow=\u00a0\u00bbnone\u00a0\u00bb width=\u00a0\u00bb1\/3&Prime;&#8230;<\/p>\n","protected":false},"author":4,"featured_media":0,"parent":0,"menu_order":0,"comment_status":"closed","ping_status":"closed","template":"","meta":[],"yoast_head":"<!-- This site is optimized with the Yoast SEO plugin v15.3 - https:\/\/yoast.com\/wordpress\/plugins\/seo\/ -->\n<title>Liens Utiles - AeroAcademy<\/title>\n<meta name=\"robots\" content=\"index, follow, max-snippet:-1, max-image-preview:large, max-video-preview:-1\" \/>\n<link rel=\"canonical\" href=\"http:\/\/www.aersys.net\/AeroAcademy\/liens-utiles\/\" \/>\n<meta property=\"og:locale\" content=\"fr_FR\" \/>\n<meta property=\"og:type\" content=\"article\" \/>\n<meta property=\"og:title\" content=\"Liens Utiles - AeroAcademy\" \/>\n<meta property=\"og:description\" content=\"[vc_row type=\u00a0\u00bbfull_width_background\u00a0\u00bb full_screen_row_position=\u00a0\u00bbmiddle\u00a0\u00bb equal_height=\u00a0\u00bbyes\u00a0\u00bb content_placement=\u00a0\u00bbtop\u00a0\u00bb full_height=\u00a0\u00bbyes\u00a0\u00bb columns_placement=\u00a0\u00bbtop\u00a0\u00bb bg_color=\u00a0\u00bb#f2f2f2&Prime; scene_position=\u00a0\u00bbcenter\u00a0\u00bb text_color=\u00a0\u00bbdark\u00a0\u00bb text_align=\u00a0\u00bbleft\u00a0\u00bb top_padding=\u00a0\u00bb3%\u00a0\u00bb overlay_strength=\u00a0\u00bb0.3&Prime;][vc_column column_padding=\u00a0\u00bbpadding-3-percent\u00a0\u00bb column_padding_position=\u00a0\u00bball\u00a0\u00bb background_color_opacity=\u00a0\u00bb1&Prime; background_hover_color_opacity=\u00a0\u00bb1&Prime; top_margin=\u00a0\u00bb0&Prime; column_shadow=\u00a0\u00bbnone\u00a0\u00bb width=\u00a0\u00bb1\/3&Prime; tablet_text_alignment=\u00a0\u00bbdefault\u00a0\u00bb phone_text_alignment=\u00a0\u00bbdefault\u00a0\u00bb column_border_width=\u00a0\u00bbnone\u00a0\u00bb column_border_style=\u00a0\u00bbsolid\u00a0\u00bb][\/vc_column][vc_column column_padding=\u00a0\u00bbpadding-3-percent\u00a0\u00bb column_padding_position=\u00a0\u00bball\u00a0\u00bb background_color_opacity=\u00a0\u00bb1&Prime; background_hover_color_opacity=\u00a0\u00bb1&Prime; column_shadow=\u00a0\u00bbnone\u00a0\u00bb width=\u00a0\u00bb1\/3&Prime;...\" \/>\n<meta property=\"og:url\" content=\"http:\/\/www.aersys.net\/AeroAcademy\/liens-utiles\/\" \/>\n<meta property=\"og:site_name\" content=\"AeroAcademy\" \/>\n<meta property=\"article:publisher\" content=\"https:\/\/www.facebook.com\/AeroAcademy.fr\/\" \/>\n<meta property=\"article:modified_time\" content=\"2018-11-10T12:45:11+00:00\" \/>\n<meta property=\"og:image\" content=\"http:\/\/www.aersys.net\/AeroAcademy\/wp-content\/uploads\/2017\/10\/FOND-TRANSPARENT.png\" \/>\n\t<meta property=\"og:image:width\" content=\"2762\" \/>\n\t<meta property=\"og:image:height\" content=\"1205\" \/>\n<meta name=\"twitter:card\" content=\"summary_large_image\" \/>\n<meta name=\"twitter:label1\" content=\"\u00c9crit par\">\n\t<meta name=\"twitter:data1\" content=\"AeroAcademy\">\n\t<meta name=\"twitter:label2\" content=\"Dur\u00e9e de lecture est.\">\n\t<meta name=\"twitter:data2\" content=\"2 minutes\">\n<script type=\"application\/ld+json\" class=\"yoast-schema-graph\">{\"@context\":\"https:\/\/schema.org\",\"@graph\":[{\"@type\":\"Organization\",\"@id\":\"http:\/\/www.aersys.net\/AeroAcademy\/#organization\",\"name\":\"AeroAcademy\",\"url\":\"http:\/\/www.aersys.net\/AeroAcademy\/\",\"sameAs\":[\"https:\/\/www.facebook.com\/AeroAcademy.fr\/\",\"https:\/\/www.youtube.com\/channel\/UC0guG48OClkRu5csDbEuEGQ\"],\"logo\":{\"@type\":\"ImageObject\",\"@id\":\"http:\/\/www.aersys.net\/AeroAcademy\/#logo\",\"inLanguage\":\"fr-FR\",\"url\":\"http:\/\/www.aersys.net\/AeroAcademy\/wp-content\/uploads\/2017\/10\/FOND-TRANSPARENT.png\",\"width\":2762,\"height\":1205,\"caption\":\"AeroAcademy\"},\"image\":{\"@id\":\"http:\/\/www.aersys.net\/AeroAcademy\/#logo\"}},{\"@type\":\"WebSite\",\"@id\":\"http:\/\/www.aersys.net\/AeroAcademy\/#website\",\"url\":\"http:\/\/www.aersys.net\/AeroAcademy\/\",\"name\":\"AeroAcademy\",\"description\":\"\",\"publisher\":{\"@id\":\"http:\/\/www.aersys.net\/AeroAcademy\/#organization\"},\"potentialAction\":[{\"@type\":\"SearchAction\",\"target\":\"http:\/\/www.aersys.net\/AeroAcademy\/?s={search_term_string}\",\"query-input\":\"required name=search_term_string\"}],\"inLanguage\":\"fr-FR\"},{\"@type\":\"WebPage\",\"@id\":\"http:\/\/www.aersys.net\/AeroAcademy\/liens-utiles\/#webpage\",\"url\":\"http:\/\/www.aersys.net\/AeroAcademy\/liens-utiles\/\",\"name\":\"Liens Utiles - AeroAcademy\",\"isPartOf\":{\"@id\":\"http:\/\/www.aersys.net\/AeroAcademy\/#website\"},\"datePublished\":\"2018-03-17T17:55:27+00:00\",\"dateModified\":\"2018-11-10T12:45:11+00:00\",\"inLanguage\":\"fr-FR\",\"potentialAction\":[{\"@type\":\"ReadAction\",\"target\":[\"http:\/\/www.aersys.net\/AeroAcademy\/liens-utiles\/\"]}]}]}<\/script>\n<!-- \/ Yoast SEO plugin. -->","_links":{"self":[{"href":"http:\/\/www.aersys.net\/AeroAcademy\/wp-json\/wp\/v2\/pages\/1151"}],"collection":[{"href":"http:\/\/www.aersys.net\/AeroAcademy\/wp-json\/wp\/v2\/pages"}],"about":[{"href":"http:\/\/www.aersys.net\/AeroAcademy\/wp-json\/wp\/v2\/types\/page"}],"author":[{"embeddable":true,"href":"http:\/\/www.aersys.net\/AeroAcademy\/wp-json\/wp\/v2\/users\/4"}],"replies":[{"embeddable":true,"href":"http:\/\/www.aersys.net\/AeroAcademy\/wp-json\/wp\/v2\/comments?post=1151"}],"version-history":[{"count":24,"href":"http:\/\/www.aersys.net\/AeroAcademy\/wp-json\/wp\/v2\/pages\/1151\/revisions"}],"predecessor-version":[{"id":1281,"href":"http:\/\/www.aersys.net\/AeroAcademy\/wp-json\/wp\/v2\/pages\/1151\/revisions\/1281"}],"wp:attachment":[{"href":"http:\/\/www.aersys.net\/AeroAcademy\/wp-json\/wp\/v2\/media?parent=1151"}],"curies":[{"name":"wp","href":"https:\/\/api.w.org\/{rel}","templated":true}]}}