{"id":115,"date":"2017-10-25T19:05:19","date_gmt":"2017-10-25T17:05:19","guid":{"rendered":"http:\/\/www.aersys.net\/AeroAcademy\/?page_id=115"},"modified":"2018-11-10T14:14:33","modified_gmt":"2018-11-10T13:14:33","slug":"faq","status":"publish","type":"page","link":"http:\/\/www.aersys.net\/AeroAcademy\/faq\/","title":{"rendered":"FAQ"},"content":{"rendered":"[vc_row type=\u00a0\u00bbfull_width_background\u00a0\u00bb full_screen_row_position=\u00a0\u00bbmiddle\u00a0\u00bb bg_image=\u00a0\u00bb21&Prime; bg_position=\u00a0\u00bbcenter center\u00a0\u00bb bg_repeat=\u00a0\u00bbno-repeat\u00a0\u00bb bg_color=\u00a0\u00bb#454156&Prime; scene_position=\u00a0\u00bbcenter\u00a0\u00bb text_color=\u00a0\u00bblight\u00a0\u00bb text_align=\u00a0\u00bbleft\u00a0\u00bb top_padding=\u00a0\u00bb9%\u00a0\u00bb bottom_padding=\u00a0\u00bb9%\u00a0\u00bb id=\u00a0\u00bbintro\u00a0\u00bb row_name=\u00a0\u00bbIntro\u00a0\u00bb overlay_strength=\u00a0\u00bb0.95&Prime;][vc_column centered_text=\u00a0\u00bbtrue\u00a0\u00bb column_padding=\u00a0\u00bbpadding-5-percent\u00a0\u00bb column_padding_position=\u00a0\u00bbtop\u00a0\u00bb background_color_opacity=\u00a0\u00bb1&Prime; background_hover_color_opacity=\u00a0\u00bb1&Prime; column_shadow=\u00a0\u00bbnone\u00a0\u00bb width=\u00a0\u00bb1\/1&Prime; tablet_text_alignment=\u00a0\u00bbdefault\u00a0\u00bb phone_text_alignment=\u00a0\u00bbdefault\u00a0\u00bb column_border_width=\u00a0\u00bbnone\u00a0\u00bb column_border_style=\u00a0\u00bbsolid\u00a0\u00bb][vc_row_inner column_margin=\u00a0\u00bbdefault\u00a0\u00bb text_align=\u00a0\u00bbleft\u00a0\u00bb][vc_column_inner enable_animation=\u00a0\u00bbtrue\u00a0\u00bb animation=\u00a0\u00bbfade-in-from-bottom\u00a0\u00bb column_padding=\u00a0\u00bbno-extra-padding\u00a0\u00bb column_padding_position=\u00a0\u00bball\u00a0\u00bb centered_text=\u00a0\u00bbtrue\u00a0\u00bb background_color_opacity=\u00a0\u00bb1&Prime; width=\u00a0\u00bb1\/1&Prime; column_border_width=\u00a0\u00bbnone\u00a0\u00bb column_border_style=\u00a0\u00bbsolid\u00a0\u00bb][vc_custom_heading text=\u00a0\u00bbFAQ\u00a0\u00bb font_container=\u00a0\u00bbtag:h1|font_size:83|text_align:center|color:%23ffffff|line_height:96px\u00a0\u00bb use_theme_fonts=\u00a0\u00bbyes\u00a0\u00bb][\/vc_column_inner][\/vc_row_inner][vc_row_inner content_placement=\u00a0\u00bbtop\u00a0\u00bb column_margin=\u00a0\u00bbdefault\u00a0\u00bb text_align=\u00a0\u00bbleft\u00a0\u00bb css=\u00a0\u00bb.vc_custom_1521981987288{margin-top: -10px !important;}\u00a0\u00bb][vc_column_inner enable_animation=\u00a0\u00bbtrue\u00a0\u00bb animation=\u00a0\u00bbfade-in-from-bottom\u00a0\u00bb column_padding=\u00a0\u00bbno-extra-padding\u00a0\u00bb column_padding_position=\u00a0\u00bball\u00a0\u00bb background_color_opacity=\u00a0\u00bb1&Prime; width=\u00a0\u00bb1\/1&Prime; column_border_width=\u00a0\u00bbnone\u00a0\u00bb column_border_style=\u00a0\u00bbsolid\u00a0\u00bb delay=\u00a0\u00bb100&Prime;][vc_custom_heading text=\u00a0\u00bbTrouvez ici les r\u00e9ponses aux questions les plus courantes.<br \/>\nSi vous avez une question qui ne figure pas dans la liste ci-dessous, contactez-nous !<br \/>\nNous vous r\u00e9pondrons dans les plus brefs d\u00e9lais ! \u00a0\u00bb font_container=\u00a0\u00bbtag:p|text_align:center|color:rgba(255%2C255%2C255%2C0.7)\u00a0\u00bb use_theme_fonts=\u00a0\u00bbyes\u00a0\u00bb][\/vc_column_inner][\/vc_row_inner][vc_row_inner content_placement=\u00a0\u00bbtop\u00a0\u00bb column_margin=\u00a0\u00bbdefault\u00a0\u00bb text_align=\u00a0\u00bbleft\u00a0\u00bb][vc_column_inner enable_animation=\u00a0\u00bbtrue\u00a0\u00bb animation=\u00a0\u00bbgrow-in\u00a0\u00bb column_padding=\u00a0\u00bbpadding-4-percent\u00a0\u00bb column_padding_position=\u00a0\u00bball\u00a0\u00bb background_color_opacity=\u00a0\u00bb1&Prime; width=\u00a0\u00bb1\/1&Prime; column_border_width=\u00a0\u00bbnone\u00a0\u00bb column_border_style=\u00a0\u00bbsolid\u00a0\u00bb delay=\u00a0\u00bb200&Prime;][nectar_btn size=\u00a0\u00bblarge\u00a0\u00bb button_style=\u00a0\u00bbregular\u00a0\u00bb button_color_2=\u00a0\u00bbExtra-Color-3&Prime; icon_family=\u00a0\u00bbiconsmind\u00a0\u00bb url=\u00a0\u00bbhttp:\/\/www.aersys.net\/AeroAcademy\/contact\/\u00a0\u00bb text=\u00a0\u00bbContact\u00a0\u00bb icon_iconsmind=\u00a0\u00bbiconsmind-Triangle-ArrowRight\u00a0\u00bb][\/vc_column_inner][\/vc_row_inner]<div class=\"divider-wrap\"><div style=\"height: 50px;\" class=\"divider\"><\/div><\/div>[\/vc_column][\/vc_row][vc_row type=\u00a0\u00bbin_container\u00a0\u00bb full_screen_row_position=\u00a0\u00bbmiddle\u00a0\u00bb scene_position=\u00a0\u00bbcenter\u00a0\u00bb text_color=\u00a0\u00bbdark\u00a0\u00bb text_align=\u00a0\u00bbleft\u00a0\u00bb overlay_strength=\u00a0\u00bb0.3&Prime;][vc_column column_padding=\u00a0\u00bbpadding-2-percent\u00a0\u00bb column_padding_position=\u00a0\u00bball\u00a0\u00bb background_color=\u00a0\u00bb#417788&Prime; background_color_opacity=\u00a0\u00bb1&Prime; background_hover_color_opacity=\u00a0\u00bb1&Prime; top_margin=\u00a0\u00bb0&Prime; column_shadow=\u00a0\u00bbnone\u00a0\u00bb width=\u00a0\u00bb1\/2&Prime; tablet_text_alignment=\u00a0\u00bbdefault\u00a0\u00bb phone_text_alignment=\u00a0\u00bbdefault\u00a0\u00bb column_border_width=\u00a0\u00bbnone\u00a0\u00bb column_border_style=\u00a0\u00bbsolid\u00a0\u00bb]<div class=\"toggles \" data-style=\"minimal\"><div class=\"toggle default\"><h3><a href=\"#\"><i class=\"icon-plus-sign\"><\/i>Lors des formations, puis-je travailler sur ma propre machine ?<\/a><\/h3><div>[vc_column_text]<span style=\"color: #ffc107;\">Bien s\u00fbr !<\/span><\/p>\n<p><span style=\"color: #ffc107;\">N\u00e9anmoins, l&rsquo;\u00e9tendue des t\u00e2ches d\u00e9pendra de la cat\u00e9gorie d&rsquo;avion et du contenu de leur d\u00e9claration d&rsquo;entretien.<\/span><\/p>\n<p><span style=\"color: #ffc107;\">C&rsquo;est un sujet \u00e0 \u00e9tudier pr\u00e9alablement \u00e0 la formation.<\/span>[\/vc_column_text]<\/div><\/div><div class=\"toggle extra-color-3\"><h3><a href=\"#\"><i class=\"icon-plus-sign\"><\/i>Quel est l'int\u00e9r\u00eat de ``mettre les mains dans le cambouis`` ?<\/a><\/h3><div>[vc_column_text]<span style=\"color: #ffc107;\">L&rsquo;int\u00e9r\u00eat est multiple.<\/span><\/p>\n<p><span style=\"color: #ffc107;\">Le plus \u00e9vident, c&rsquo;est sur le plan financier.\u00a0 Vos heures sont gratuites, pas celles des m\u00e9canos de l&rsquo;atelier.\u00a0 De plus,\u00a0 certains ateliers ont tendance a faire de la surqualit\u00e9 et effectuer des op\u00e9rations qui ne ne sont pas n\u00e9cessaires au vu de l&rsquo;utilisation que vous avez de l&rsquo;avion.<\/span><\/p>\n<p><span style=\"color: #ffc107;\">En tant qu&rsquo;utilisateur de votre machine, vous la connaissez mieux que quiconque.\u00a0 Lors des op\u00e9rations de maintenance, vous savez sur quels points vous devez vous attarder.<\/span><\/p>\n<p><span style=\"color: #ffc107;\">Au fil de l&rsquo;exp\u00e9rience accumul\u00e9e, votre relation avec l&rsquo;atelier de maintenance, qui est obligatoirement maintenue dans le cas du CDN (car vous ne pouvez pas tout faire), s&rsquo;enrichit.\u00a0 Vous savez de quoi le m\u00e9canicien vous parle et pouvez converser avec lui d&rsquo;\u00e9gal \u00e0 \u00e9gal et de mani\u00e8re constructive.<\/span><\/p>\n<p><span style=\"color: #ffc107;\">Un autre avantage est que vous pouvez g\u00e9rer votre planning comme bon vous semblera.\u00a0 Vous n&rsquo;\u00eates plus tributaire d&rsquo;un agenda externe, ni de devoir amener l&rsquo;avion sur un autre terrain, avec les al\u00e9as m\u00e9t\u00e9o que chacun conna\u00eet.<\/span><\/p>\n<p><span style=\"color: #ffc107;\">Finalement, sur le plan affectif, vous d\u00e9veloppez une toute autre relation avec votre machine.\u00a0 Vous avez la satisfaction d&rsquo;\u00eatre en phase avec elle&#8230;<\/span>[\/vc_column_text]<\/div><\/div><div class=\"toggle extra-color-3\"><h3><a href=\"#\"><i class=\"icon-plus-sign\"><\/i>Je suis propri\u00e9taire (ou mon a\u00e9roclub) d'un avion en CDN, que puis-je faire sur mon avion ?<\/a><\/h3><div>[vc_column_text]<span style=\"color: #ffc107;\">Il faut distinguer le type d&rsquo;avion que vous avez, selon que ce soit un CD, Annexe 1 (anciennement Annexe 2) ou ULM.\u00a0 La r\u00e9ponse \u00e0 cette question fait l&rsquo;objet d&rsquo;une journ\u00e9e compl\u00e8te de cours.<\/span><\/p>\n<p><span style=\"color: #ffc107;\">Il s&rsquo;agit du module \u00ab\u00a0<span style=\"color: #ffffff;\"><a style=\"color: #ffffff;\" href=\"http:\/\/www.aersys.net\/AeroAcademy\/activites\/cours\/reglementation\/\" target=\"_blank\" rel=\"noopener\">R\u00e9glementation<\/a><\/span>\u00a0\u00bb dans lequel le fonctionnement g\u00e9n\u00e9ral de l&rsquo;Autorit\u00e9 (EASA, DGAC, OSAC) est pr\u00e9sent\u00e9 ainsi que toutes les possibilit\u00e9s qui sont offertes en fonction de la cat\u00e9gorie de votre a\u00e9ronef pour pouvoir mener \u00e0 bien la partie administrative des op\u00e9rations.<\/span>[\/vc_column_text]<\/div><\/div><div class=\"toggle extra-color-3\"><h3><a href=\"#\"><i class=\"icon-plus-sign\"><\/i>N'est-il pas plus s\u00fbr de confier l'entretien de ma machine \u00e0 un atelier ?<\/a><\/h3><div>[vc_column_text]<span style=\"color: #ffc107;\">De toute mani\u00e8re, si vous avez un avion certifi\u00e9, vous devez r\u00e9glementairement\u00a0 continuer \u00e0 lui confier les t\u00e2ches les plus importantes.<\/span><\/p>\n<p><span style=\"color: #ffc107;\">Un atelier poss\u00e8de des comp\u00e9tences techniques, mais ne porte pas le m\u00eame int\u00e9r\u00eat \u00e0 votre machine que vous.<\/span><\/p>\n<p><span style=\"color: #ffc107;\">Il a de plus des contraintes temporelles et \u00e9conomiques.\u00a0 De ce fait, on observe l&rsquo;occurrence d&rsquo;erreur de maintenance qu&rsquo;il vous est possible d&rsquo;\u00e9viter.\u00a0 Allez jeter un \u0153il \u00e0 la documentation relative aux erreurs de maintenance dans la rubrique \u00ab\u00a0Ressources\u00a0\u00bb, vous serez \u00e9difi\u00e9s.<\/span><\/p>\n<p><span style=\"color: #ffc107;\">En ce qui vous concerne, nous vous transmettons les comp\u00e9tences techniques et la philosophie qui vous font d\u00e9faut en tout ou partie.\u00a0 La motivation, vous l&rsquo;avez, et le fait de voler dans l&rsquo;avion, avec votre famille et\/ou amis vous incite \u00e0 apporter un soin tout particulier aux op\u00e9rations que vous allez mener.<\/span>[\/vc_column_text]<\/div><\/div><div class=\"toggle extra-color-3\"><h3><a href=\"#\"><i class=\"icon-plus-sign\"><\/i>Qu'appelle-t'on un a\u00e9ronef ``Annexe 1`` (``anciennement ``Annexe 2``) ?<\/a><\/h3><div>[vc_column_text]<span style=\"color: #ffc107;\">Les machines volantes se divisent en deux groupes principaux :<\/span><\/p>\n<ol>\n<li><span style=\"color: #ffc107;\">celles dont le suivi est g\u00e9r\u00e9 selon\u00a0les r\u00e8gles europ\u00e9ennes de l&rsquo;EASA, les avions dits en \u00ab\u00a0CDN\u00a0\u00bb,<\/span><\/li>\n<li><span style=\"color: #ffc107;\">celles dont le suivi reste g\u00e9r\u00e9 selon les r\u00e8gles du pays dans lequel elles sont immatricul\u00e9es, les \u00ab\u00a0Annexe 1\u00a0\u00bb, c&rsquo;est le cas :<\/span>\n<ol>\n<li><span style=\"color: #ffc107;\">des 6 cat\u00e9gories d&rsquo;ULM,<\/span><\/li>\n<li><span style=\"color: #ffc107;\">des avions orphelins (CDNR) dont le constructeur a disparu,<\/span><\/li>\n<li><span style=\"color: #ffc107;\">des avions en kit (CNSK),<\/span><\/li>\n<li><span style=\"color: #ffc107;\">des avions de construction amateur (CNRA),<\/span><\/li>\n<li><span style=\"color: #ffc107;\">des avions de collection (CNRAC).<\/span><\/li>\n<\/ol>\n<\/li>\n<\/ol>\n<p><span style=\"color: #ffc107;\">Dans le premier cas, les r\u00e8gles de maintenance sont strictes et \u00e9dict\u00e9es par l&rsquo;EASA.\u00a0 N\u00e9anmoins, des souplesses ont \u00e9t\u00e9 introduites qui permettent au propri\u00e9taire de jouer un r\u00f4le cons\u00e9quent dans la maintenance de la machine.<\/span><\/p>\n<p><span style=\"color: #ffc107;\">Dans le second cas, et en fonction de la machine, il existe plus de souplesse (comprendre plus de transfert de responsabilit\u00e9) pour le propri\u00e9taire.<\/span>[\/vc_column_text]<\/div><\/div><\/div>[\/vc_column][vc_column column_padding=\u00a0\u00bbpadding-2-percent\u00a0\u00bb column_padding_position=\u00a0\u00bball\u00a0\u00bb background_color=\u00a0\u00bb#0b4c5b\u00a0\u00bb background_color_opacity=\u00a0\u00bb1&Prime; background_hover_color_opacity=\u00a0\u00bb1&Prime; column_shadow=\u00a0\u00bbnone\u00a0\u00bb width=\u00a0\u00bb1\/2&Prime; tablet_text_alignment=\u00a0\u00bbdefault\u00a0\u00bb phone_text_alignment=\u00a0\u00bbdefault\u00a0\u00bb column_border_width=\u00a0\u00bbnone\u00a0\u00bb column_border_style=\u00a0\u00bbsolid\u00a0\u00bb]<div class=\"toggles \" data-style=\"minimal\"><div class=\"toggle default\"><h3><a href=\"#\"><i class=\"icon-plus-sign\"><\/i>Je ne trouve pas mon bonheur<\/a><\/h3><div>[vc_column_text]<span style=\"color: #ffc107;\">Pas de souci, tout est adaptable !<\/span><\/p>\n<p><span style=\"color: #ffc107;\">Pour le planning, celui indiqu\u00e9 \u00e0 l&rsquo;onglet Planning est rarement appliqu\u00e9.\u00a0 Nous l&rsquo;adaptons la plupart du temps aux demandes du moment.<\/span><\/p>\n<p><span style=\"color: #ffc107;\">Idem pour vos besoins.\u00a0 Selon l&rsquo;\u00e9tat de vos connaissances, des adaptations vers le haut ou vers le bas sont parfois n\u00e9cessaires afin que vous rentabilisiez au mieux le temps pass\u00e9 chez nous.<\/span>[\/vc_column_text]<\/div><\/div><div class=\"toggle extra-color-3\"><h3><a href=\"#\"><i class=\"icon-plus-sign\"><\/i>Sur quels sites ont lieu les cours ?<\/a><\/h3><div>[vc_column_text]<span style=\"color: #ffc107;\">Les cours d&rsquo;AeroAcademy ont lieu essentiellement sur les a\u00e9rodromes de Muret ( LFBR), Condom (LFID), Nogaro (LFCN) et Pau (LFBP).<\/span><\/p>\n<p><span style=\"color: #ffc107;\">Sur demande, des modules peuvent \u00eatre dispens\u00e9s assez facilement un peu partout.\u00a0 N&rsquo;h\u00e9sitez pas \u00e0 en faire la demande.<\/span>[\/vc_column_text]<\/div><\/div><div class=\"toggle extra-color-3\"><h3><a href=\"#\"><i class=\"icon-plus-sign\"><\/i>Quels sont les horaires de cours ?<\/a><\/h3><div>[vc_column_text]<span style=\"color: #ffc107;\">Une journ\u00e9e de cours se r\u00e9partit sur 7 heures.<\/span><\/p>\n<p><span style=\"color: #ffc107;\">La journ\u00e9e se d\u00e9roule de 8 heures 30 \u00e0 12 heures 30 et de 13 heures 30 \u00e0 16 heures 30.<\/span>[\/vc_column_text]<\/div><\/div><div class=\"toggle extra-color-3\"><h3><a href=\"#\"><i class=\"icon-plus-sign\"><\/i>Y-a-t'il moyen de se restaurer sur place ?<\/a><\/h3><div>[vc_column_text]<span style=\"color: #ffc107;\">La plupart des terrains poss\u00e8dent un restaurant sur place ou tr\u00e8s proche (Muret, Pau, Nogaro).<\/span><\/p>\n<p><span style=\"color: #ffc107;\">Pour d&rsquo;autres, il est possible d&rsquo;utiliser les cuisines sur place ou se d\u00e9placer au restaurant le plus proche (n\u00e9cessite un v\u00e9hicule).<\/span>[\/vc_column_text]<\/div><\/div><\/div>[\/vc_column][\/vc_row]\n","protected":false},"excerpt":{"rendered":"<p>[vc_row type=\u00a0\u00bbfull_width_background\u00a0\u00bb full_screen_row_position=\u00a0\u00bbmiddle\u00a0\u00bb bg_image=\u00a0\u00bb21&Prime; bg_position=\u00a0\u00bbcenter center\u00a0\u00bb bg_repeat=\u00a0\u00bbno-repeat\u00a0\u00bb bg_color=\u00a0\u00bb#454156&Prime; scene_position=\u00a0\u00bbcenter\u00a0\u00bb text_color=\u00a0\u00bblight\u00a0\u00bb text_align=\u00a0\u00bbleft\u00a0\u00bb top_padding=\u00a0\u00bb9%\u00a0\u00bb bottom_padding=\u00a0\u00bb9%\u00a0\u00bb id=\u00a0\u00bbintro\u00a0\u00bb row_name=\u00a0\u00bbIntro\u00a0\u00bb overlay_strength=\u00a0\u00bb0.95&Prime;][vc_column centered_text=\u00a0\u00bbtrue\u00a0\u00bb column_padding=\u00a0\u00bbpadding-5-percent\u00a0\u00bb column_padding_position=\u00a0\u00bbtop\u00a0\u00bb background_color_opacity=\u00a0\u00bb1&Prime; background_hover_color_opacity=\u00a0\u00bb1&Prime; column_shadow=\u00a0\u00bbnone\u00a0\u00bb width=\u00a0\u00bb1\/1&Prime; tablet_text_alignment=\u00a0\u00bbdefault\u00a0\u00bb phone_text_alignment=\u00a0\u00bbdefault\u00a0\u00bb column_border_width=\u00a0\u00bbnone\u00a0\u00bb column_border_style=\u00a0\u00bbsolid\u00a0\u00bb][vc_row_inner column_margin=\u00a0\u00bbdefault\u00a0\u00bb text_align=\u00a0\u00bbleft\u00a0\u00bb][vc_column_inner enable_animation=\u00a0\u00bbtrue\u00a0\u00bb&#8230;<\/p>\n","protected":false},"author":1,"featured_media":0,"parent":0,"menu_order":0,"comment_status":"closed","ping_status":"closed","template":"","meta":[],"yoast_head":"<!-- This site is optimized with the Yoast SEO plugin v15.3 - https:\/\/yoast.com\/wordpress\/plugins\/seo\/ -->\n<title>FAQ - AeroAcademy<\/title>\n<meta name=\"robots\" content=\"index, follow, max-snippet:-1, max-image-preview:large, max-video-preview:-1\" \/>\n<link rel=\"canonical\" href=\"http:\/\/www.aersys.net\/AeroAcademy\/faq\/\" \/>\n<meta property=\"og:locale\" content=\"fr_FR\" \/>\n<meta property=\"og:type\" content=\"article\" \/>\n<meta property=\"og:title\" content=\"FAQ - AeroAcademy\" \/>\n<meta property=\"og:description\" content=\"[vc_row type=\u00a0\u00bbfull_width_background\u00a0\u00bb full_screen_row_position=\u00a0\u00bbmiddle\u00a0\u00bb bg_image=\u00a0\u00bb21&Prime; bg_position=\u00a0\u00bbcenter center\u00a0\u00bb bg_repeat=\u00a0\u00bbno-repeat\u00a0\u00bb bg_color=\u00a0\u00bb#454156&Prime; scene_position=\u00a0\u00bbcenter\u00a0\u00bb text_color=\u00a0\u00bblight\u00a0\u00bb text_align=\u00a0\u00bbleft\u00a0\u00bb top_padding=\u00a0\u00bb9%\u00a0\u00bb bottom_padding=\u00a0\u00bb9%\u00a0\u00bb id=\u00a0\u00bbintro\u00a0\u00bb row_name=\u00a0\u00bbIntro\u00a0\u00bb overlay_strength=\u00a0\u00bb0.95&Prime;][vc_column centered_text=\u00a0\u00bbtrue\u00a0\u00bb column_padding=\u00a0\u00bbpadding-5-percent\u00a0\u00bb column_padding_position=\u00a0\u00bbtop\u00a0\u00bb background_color_opacity=\u00a0\u00bb1&Prime; background_hover_color_opacity=\u00a0\u00bb1&Prime; column_shadow=\u00a0\u00bbnone\u00a0\u00bb width=\u00a0\u00bb1\/1&Prime; tablet_text_alignment=\u00a0\u00bbdefault\u00a0\u00bb phone_text_alignment=\u00a0\u00bbdefault\u00a0\u00bb column_border_width=\u00a0\u00bbnone\u00a0\u00bb column_border_style=\u00a0\u00bbsolid\u00a0\u00bb][vc_row_inner column_margin=\u00a0\u00bbdefault\u00a0\u00bb text_align=\u00a0\u00bbleft\u00a0\u00bb][vc_column_inner enable_animation=\u00a0\u00bbtrue\u00a0\u00bb...\" \/>\n<meta property=\"og:url\" content=\"http:\/\/www.aersys.net\/AeroAcademy\/faq\/\" \/>\n<meta property=\"og:site_name\" content=\"AeroAcademy\" \/>\n<meta property=\"article:publisher\" content=\"https:\/\/www.facebook.com\/AeroAcademy.fr\/\" \/>\n<meta property=\"article:modified_time\" content=\"2018-11-10T13:14:33+00:00\" \/>\n<meta property=\"og:image\" content=\"http:\/\/www.aersys.net\/AeroAcademy\/wp-content\/uploads\/2017\/10\/FOND-TRANSPARENT.png\" \/>\n\t<meta property=\"og:image:width\" content=\"2762\" \/>\n\t<meta property=\"og:image:height\" content=\"1205\" \/>\n<meta name=\"twitter:card\" content=\"summary_large_image\" \/>\n<meta name=\"twitter:label1\" content=\"\u00c9crit par\">\n\t<meta name=\"twitter:data1\" content=\"Egooroocrea\">\n\t<meta name=\"twitter:label2\" content=\"Dur\u00e9e de lecture est.\">\n\t<meta name=\"twitter:data2\" content=\"6 minutes\">\n<script type=\"application\/ld+json\" class=\"yoast-schema-graph\">{\"@context\":\"https:\/\/schema.org\",\"@graph\":[{\"@type\":\"Organization\",\"@id\":\"http:\/\/www.aersys.net\/AeroAcademy\/#organization\",\"name\":\"AeroAcademy\",\"url\":\"http:\/\/www.aersys.net\/AeroAcademy\/\",\"sameAs\":[\"https:\/\/www.facebook.com\/AeroAcademy.fr\/\",\"https:\/\/www.youtube.com\/channel\/UC0guG48OClkRu5csDbEuEGQ\"],\"logo\":{\"@type\":\"ImageObject\",\"@id\":\"http:\/\/www.aersys.net\/AeroAcademy\/#logo\",\"inLanguage\":\"fr-FR\",\"url\":\"http:\/\/www.aersys.net\/AeroAcademy\/wp-content\/uploads\/2017\/10\/FOND-TRANSPARENT.png\",\"width\":2762,\"height\":1205,\"caption\":\"AeroAcademy\"},\"image\":{\"@id\":\"http:\/\/www.aersys.net\/AeroAcademy\/#logo\"}},{\"@type\":\"WebSite\",\"@id\":\"http:\/\/www.aersys.net\/AeroAcademy\/#website\",\"url\":\"http:\/\/www.aersys.net\/AeroAcademy\/\",\"name\":\"AeroAcademy\",\"description\":\"\",\"publisher\":{\"@id\":\"http:\/\/www.aersys.net\/AeroAcademy\/#organization\"},\"potentialAction\":[{\"@type\":\"SearchAction\",\"target\":\"http:\/\/www.aersys.net\/AeroAcademy\/?s={search_term_string}\",\"query-input\":\"required name=search_term_string\"}],\"inLanguage\":\"fr-FR\"},{\"@type\":\"WebPage\",\"@id\":\"http:\/\/www.aersys.net\/AeroAcademy\/faq\/#webpage\",\"url\":\"http:\/\/www.aersys.net\/AeroAcademy\/faq\/\",\"name\":\"FAQ - AeroAcademy\",\"isPartOf\":{\"@id\":\"http:\/\/www.aersys.net\/AeroAcademy\/#website\"},\"datePublished\":\"2017-10-25T17:05:19+00:00\",\"dateModified\":\"2018-11-10T13:14:33+00:00\",\"inLanguage\":\"fr-FR\",\"potentialAction\":[{\"@type\":\"ReadAction\",\"target\":[\"http:\/\/www.aersys.net\/AeroAcademy\/faq\/\"]}]}]}<\/script>\n<!-- \/ Yoast SEO plugin. -->","_links":{"self":[{"href":"http:\/\/www.aersys.net\/AeroAcademy\/wp-json\/wp\/v2\/pages\/115"}],"collection":[{"href":"http:\/\/www.aersys.net\/AeroAcademy\/wp-json\/wp\/v2\/pages"}],"about":[{"href":"http:\/\/www.aersys.net\/AeroAcademy\/wp-json\/wp\/v2\/types\/page"}],"author":[{"embeddable":true,"href":"http:\/\/www.aersys.net\/AeroAcademy\/wp-json\/wp\/v2\/users\/1"}],"replies":[{"embeddable":true,"href":"http:\/\/www.aersys.net\/AeroAcademy\/wp-json\/wp\/v2\/comments?post=115"}],"version-history":[{"count":46,"href":"http:\/\/www.aersys.net\/AeroAcademy\/wp-json\/wp\/v2\/pages\/115\/revisions"}],"predecessor-version":[{"id":1289,"href":"http:\/\/www.aersys.net\/AeroAcademy\/wp-json\/wp\/v2\/pages\/115\/revisions\/1289"}],"wp:attachment":[{"href":"http:\/\/www.aersys.net\/AeroAcademy\/wp-json\/wp\/v2\/media?parent=115"}],"curies":[{"name":"wp","href":"https:\/\/api.w.org\/{rel}","templated":true}]}}